{"id":4033,"date":"2014-01-14T12:43:01","date_gmt":"2014-01-14T12:43:01","guid":{"rendered":"http:\/\/asv-botnang.de\/fussball\/?page_id=4033"},"modified":"2024-09-30T13:04:03","modified_gmt":"2024-09-30T13:04:03","slug":"berichte13-14","status":"publish","type":"page","link":"https:\/\/asv-botnang.de\/fussball\/fussball-jugend\/bambinis\/berichte13-14\/","title":{"rendered":"Berichte Bambini 24-25"},"content":{"rendered":"<div id=\"pl-4033\"  class=\"panel-layout\" ><div id=\"pg-4033-0\"  class=\"panel-grid panel-no-style\" ><div id=\"pgc-4033-0-0\"  class=\"panel-grid-cell\" ><div id=\"panel-4033-0-0-0\" class=\"so-panel widget widget_sow-editor panel-first-child panel-last-child\" data-index=\"0\" ><div\n\t\t\t\n\t\t\tclass=\"so-widget-sow-editor so-widget-sow-editor-base\"\n\t\t\t\n\t\t>\n<div class=\"siteorigin-widget-tinymce textwidget\">\n\t<p><span style=\"font-size: 10pt;color: #999999\">Samstag, 28.9.2024<\/span><br \/>\n<span style=\"color: #008080\"><strong>2. Bambinispieltag beim TV Zazenhausen<\/strong><\/span><br \/>\n<img decoding=\"async\" loading=\"lazy\" class=\"size-full wp-image-14439 aligncenter\" src=\"http:\/\/asv-botnang.de\/fussball\/files\/2024\/09\/ba-24-09-28.jpg\" alt=\"\" width=\"700\" height=\"553\" srcset=\"https:\/\/asv-botnang.de\/fussball\/files\/2024\/09\/ba-24-09-28.jpg 700w, https:\/\/asv-botnang.de\/fussball\/files\/2024\/09\/ba-24-09-28-300x237.jpg 300w\" sizes=\"(max-width: 700px) 100vw, 700px\" \/>Unsere glorreichen 7 hatten m\u00e4chtig Grund zur Freude!!!<\/p>\n<p><span style=\"color: #999999;font-size: 10pt\">Samstag, 20.05.2017<\/span><br \/>\n<span style=\"color: #008080\"><strong>Bambinispieltag beim ASV Botnang<\/strong><\/span><\/p>\n<p><a href=\"http:\/\/asv-botnang.de\/fussball\/fussball-jugend\/bambinis\/berichte13-14\/bambini-mai-2017-web\/\" rel=\"attachment wp-att-8629\"><img decoding=\"async\" loading=\"lazy\" class=\"alignnone size-full wp-image-8629\" src=\"http:\/\/asv-botnang.de\/fussball\/files\/2014\/01\/Bambini-Mai-2017-web.jpg\" alt=\"\" width=\"700\" height=\"541\" srcset=\"https:\/\/asv-botnang.de\/fussball\/files\/2014\/01\/Bambini-Mai-2017-web.jpg 700w, https:\/\/asv-botnang.de\/fussball\/files\/2014\/01\/Bambini-Mai-2017-web-300x232.jpg 300w\" sizes=\"(max-width: 700px) 100vw, 700px\" \/><\/a><br \/>\nTeam Mai 2017 mit den Trainern Leard, Ulrich und Marouan<\/p>\n<p><span style=\"font-size: 10pt;color: #999999\">Samstag, 30.04.2016<\/span><br \/>\n<span style=\"color: #008080\"><strong><span style=\"font-size: 12pt\">Bambinispieltag beim ASV Botnang<\/span><\/strong><\/span><\/p>\n<style type=\"text\/css\">.easingslider-7069 { width: 100%; }.easingslider-7069 .easingslider-image { max-height: 400px; max-width: 640px; }.easingslider-7069 .easingslider-fade-in, .easingslider-fade-out { -webkit-animation-duration: 400ms; -moz-animation-duration: 400ms; animation-duration: 400ms; }<\/style><script type=\"text\/javascript\">window.EasingSlider7069 = {\"width\":640,\"height\":400,\"singleItem\":true,\"items\":1,\"itemsDesktop\":false,\"itemsDesktopSmall\":false,\"itemsTablet\":false,\"itemsTabletSmall\":false,\"itemsMobile\":false,\"responsive\":true,\"lazyLoad\":true,\"autoPlay\":4000,\"slideSpeed\":400,\"navigation\":true,\"navigationText\":[\"\",\"\"],\"pagination\":false,\"autoHeight\":false,\"mouseDrag\":false,\"touchDrag\":false,\"addClassActive\":true,\"transitionStyle\":\"fade\"};<\/script><div data-id=\"7069\" class=\"easingslider easingslider-7069 easingslider-container easingslider-full-width easingslider-resizing-enabled easingslider-aspect-ratio easingslider-arrows-inside\"><div class=\"easingslider-slide\"><a href=\"none\" target=\"\"><img src=\"https:\/\/asv-botnang.de\/fussball\/wp-content\/plugins\/easing-slider\/assets\/images\/placeholder-pixel.png\" data-src=\"\" alt=\"\" title=\"\" class=\"easingslider-image easingslider-lazy\" \/><\/a><\/div><div class=\"easingslider-slide\"><a href=\"none\" target=\"\"><img src=\"https:\/\/asv-botnang.de\/fussball\/wp-content\/plugins\/easing-slider\/assets\/images\/placeholder-pixel.png\" data-src=\"https:\/\/asv-botnang.de\/fussball\/files\/2016\/05\/IMG-20160430-WA0007-Kopie-640x400.jpg\" alt=\"\" title=\"\" class=\"easingslider-image easingslider-lazy\" \/><\/a><\/div><div class=\"easingslider-slide\"><a href=\"none\" target=\"\"><img src=\"https:\/\/asv-botnang.de\/fussball\/wp-content\/plugins\/easing-slider\/assets\/images\/placeholder-pixel.png\" data-src=\"https:\/\/asv-botnang.de\/fussball\/files\/2016\/05\/20160430_104153-640x400.jpg\" alt=\"\" title=\"\" class=\"easingslider-image easingslider-lazy\" \/><\/a><\/div><div class=\"easingslider-slide\"><a href=\"none\" target=\"\"><img src=\"https:\/\/asv-botnang.de\/fussball\/wp-content\/plugins\/easing-slider\/assets\/images\/placeholder-pixel.png\" data-src=\"https:\/\/asv-botnang.de\/fussball\/files\/2016\/05\/20160430_111053-640x400.jpg\" alt=\"\" title=\"\" class=\"easingslider-image easingslider-lazy\" \/><\/a><\/div><div class=\"easingslider-slide\"><a href=\"none\" target=\"\"><img src=\"https:\/\/asv-botnang.de\/fussball\/wp-content\/plugins\/easing-slider\/assets\/images\/placeholder-pixel.png\" data-src=\"https:\/\/asv-botnang.de\/fussball\/files\/2016\/05\/IMG-20160430-WA0010-640x400.jpg\" alt=\"\" title=\"\" class=\"easingslider-image easingslider-lazy\" \/><\/a><\/div><\/div>\n<p><span style=\"color: #999999\"><em>Sonntag, 19.01.2014<\/em><\/span><br \/>\n<strong><span style=\"color: #008080\">ASV-Bambinis auch in Cannstatt auf Platz 1<\/span><\/strong><br \/>\nMit strahlenden Gesichtern und reichlich Pokalen kamen die ASV-Bambinis vom Hallenturnier des TC Cannstatt zur\u00fcck. Platz 1 f\u00fcr das ASV-Team nach einem 1:0 im Endspiel gegen den SV Prag und der Titel an Rami f\u00fcr den besten Turnierspieler.<br \/>\nObwohl der ASV auf einige erfahrene Spieler verzichten musste und einige 08-er zum Einsatz kamen gab es in den drei Vorrundenspielen eigentlich immer nur eine Richtung, und zwar Richtung gegnerisches Tor. Drei Siege gegen Gablenberg (3:0), O\u00dfweil (4:0) und M\u00fcnster 1 (2:1) bedeuteten den Gruppensieg.<br \/>\nAuch die Zwischenrunde konnte mit zwei Erfolgen gegen den SSV Zuffenhausen (2:0) und den TSV M\u00fcnster 2 (7:0) erfolgreich absolviert werden. Im darauf folgenden Endspiel gegen den SV Prag Stuttgart mussten sich die ASV-Fans lange Zeit gedulden, bis Rami mit einer Energieleistung den Siegtreffer erzielen konnte.<br \/>\nASV-Team in Cannstatt: Malik, Walid, Mark, Cosmas (hinten); Rami, Mikail (vorne)<br \/>\n<span style=\"color: #999999\"><em><a href=\"http:\/\/asv-botnang.de\/fussball\/files\/2014\/01\/20140126-Team-TV-Cannstatt-Kopie1.jpg\"><img decoding=\"async\" loading=\"lazy\" class=\"alignnone size-medium wp-image-4114\" style=\"margin: 10px;border: 0px\" src=\"http:\/\/asv-botnang.de\/fussball\/files\/2014\/01\/20140126-Team-TV-Cannstatt-Kopie1-300x241.jpg\" alt=\"\" width=\"300\" height=\"241\" srcset=\"https:\/\/asv-botnang.de\/fussball\/files\/2014\/01\/20140126-Team-TV-Cannstatt-Kopie1-300x241.jpg 300w, https:\/\/asv-botnang.de\/fussball\/files\/2014\/01\/20140126-Team-TV-Cannstatt-Kopie1-1024x824.jpg 1024w, https:\/\/asv-botnang.de\/fussball\/files\/2014\/01\/20140126-Team-TV-Cannstatt-Kopie1-600x482.jpg 600w, https:\/\/asv-botnang.de\/fussball\/files\/2014\/01\/20140126-Team-TV-Cannstatt-Kopie1.jpg 1323w\" sizes=\"(max-width: 300px) 100vw, 300px\" \/><\/a><a href=\"http:\/\/asv-botnang.de\/fussball\/files\/2014\/01\/20140126-Rami-TV-Cannstatt-Kopie.jpg\"><img decoding=\"async\" loading=\"lazy\" class=\"alignnone wp-image-4118\" style=\"margin-top: 10px;margin-bottom: 10px;width: 266px;height: 241px;border-width: 0px\" src=\"http:\/\/asv-botnang.de\/fussball\/files\/2014\/01\/20140126-Rami-TV-Cannstatt-Kopie-300x284.jpg\" alt=\"\" width=\"300\" height=\"284\" srcset=\"https:\/\/asv-botnang.de\/fussball\/files\/2014\/01\/20140126-Rami-TV-Cannstatt-Kopie-300x284.jpg 300w, https:\/\/asv-botnang.de\/fussball\/files\/2014\/01\/20140126-Rami-TV-Cannstatt-Kopie-1024x969.jpg 1024w, https:\/\/asv-botnang.de\/fussball\/files\/2014\/01\/20140126-Rami-TV-Cannstatt-Kopie-600x568.jpg 600w, https:\/\/asv-botnang.de\/fussball\/files\/2014\/01\/20140126-Rami-TV-Cannstatt-Kopie.jpg 1188w\" sizes=\"(max-width: 300px) 100vw, 300px\" \/><\/a><\/em><\/span><\/p>\n<p><em><span style=\"color: #999999\">Samstag, 11.01.2014<\/span><\/em><br \/>\n<span style=\"color: #008080\"><strong>Beim ersten Hallenturnier des Jahres gleich Turniersieger<\/strong><\/span><br \/>\nTolle Leistung der ASV-Bambinis bei ihrem ersten Hallenauftritt in der Rundsporthalle Bernhausen. Unter 12 teilnehmenden Mannschaften konnten die Botnanger Jungs gleich den Turniersieg feiern. In einem spannenden Endspiel gegen den SV Vaihingen hatte der ASV am Ende mit 1:0 die Nase vorn. Zuvor machten es unsere Nachwuchskicker nicht weniger spannend, als der MTV Stuttgart im Halbfinale mit 4:3 Toren nach 9-Meter-Schie\u00dfen bezwungen wurde.<\/p>\n<p><em><span style=\"color: #999999\">Samstag, 19.10.2013<\/span><\/em><br \/>\n<span style=\"color: #008080\"><strong>Herbstspielrunde beendet - Beide ASV-Teams haben sich toll entwickelt<\/strong><\/span><br \/>\nAlle f\u00fcnf Spieltage mit insgesamt 20 Spiele f\u00fcr jedes teilnehmende Team sind gespielt und beide Bambinimannschaften des ASV haben sich dabei toll geschlagen. Das schon \"erfahrene\" Team zeigte was es schon alles gelernt hat und erzielte 18 mal mindestens einen Treffer mehr als der Gegner und hat damit gemeinsam mit der Sportvg Feuerbach die meisten Punkte erhamstern k\u00f6nnen.<br \/>\nAuch das zweite ASV-Team hatte viel Spa\u00df an der Spielrunde und kam jede Woche besser mit Ball und Gegner zurecht und dies, obwohl die meisten Kinder erst im Kindergartenalter sind!<\/p>\n<\/div>\n<\/div><\/div><\/div><div id=\"pgc-4033-0-1\"  class=\"panel-grid-cell\" ><div id=\"panel-4033-0-1-0\" class=\"so-panel widget widget_sow-editor panel-first-child panel-last-child\" data-index=\"1\" ><div class=\"panel-widget-style panel-widget-style-for-4033-0-1-0\" ><div\n\t\t\t\n\t\t\tclass=\"so-widget-sow-editor so-widget-sow-editor-base\"\n\t\t\t\n\t\t>\n<div class=\"siteorigin-widget-tinymce textwidget\">\n\t<\/div>\n<\/div><\/div><\/div><\/div><\/div><\/div>","protected":false},"excerpt":{"rendered":"<p>Samstag, 28.9.2024 2. Bambinispieltag beim TV Zazenhausen Unsere glorreichen 7 hatten m\u00e4chtig Grund zur Freude!!! Samstag, 20.05.2017 Bambinispieltag beim ASV Botnang Team Mai 2017 mit den Trainern Leard, Ulrich und Marouan Samstag, 30.04.2016 Bambinispieltag beim ASV Botnang Sonntag, 19.01.2014 ASV-Bambinis auch in Cannstatt auf Platz 1 Mit strahlenden Gesichtern und reichlich Pokalen kamen die ASV-Bambinis &hellip; <a href=\"https:\/\/asv-botnang.de\/fussball\/fussball-jugend\/bambinis\/berichte13-14\/\" class=\"more-link\"><span class=\"screen-reader-text\">Berichte Bambini 24-25<\/span> weiterlesen <span class=\"meta-nav\">&rarr;<\/span><\/a><\/p>\n","protected":false},"author":9,"featured_media":0,"parent":54,"menu_order":0,"comment_status":"open","ping_status":"open","template":"page-templates\/full-width.php","meta":[],"_links":{"self":[{"href":"https:\/\/asv-botnang.de\/fussball\/wp-json\/wp\/v2\/pages\/4033"}],"collection":[{"href":"https:\/\/asv-botnang.de\/fussball\/wp-json\/wp\/v2\/pages"}],"about":[{"href":"https:\/\/asv-botnang.de\/fussball\/wp-json\/wp\/v2\/types\/page"}],"author":[{"embeddable":true,"href":"https:\/\/asv-botnang.de\/fussball\/wp-json\/wp\/v2\/users\/9"}],"replies":[{"embeddable":true,"href":"https:\/\/asv-botnang.de\/fussball\/wp-json\/wp\/v2\/comments?post=4033"}],"version-history":[{"count":38,"href":"https:\/\/asv-botnang.de\/fussball\/wp-json\/wp\/v2\/pages\/4033\/revisions"}],"predecessor-version":[{"id":14446,"href":"https:\/\/asv-botnang.de\/fussball\/wp-json\/wp\/v2\/pages\/4033\/revisions\/14446"}],"up":[{"embeddable":true,"href":"https:\/\/asv-botnang.de\/fussball\/wp-json\/wp\/v2\/pages\/54"}],"wp:attachment":[{"href":"https:\/\/asv-botnang.de\/fussball\/wp-json\/wp\/v2\/media?parent=4033"}],"curies":[{"name":"wp","href":"https:\/\/api.w.org\/{rel}","templated":true}]}}