{"id":4697,"date":"2014-07-21T11:17:14","date_gmt":"2014-07-21T11:17:14","guid":{"rendered":"http:\/\/asv-botnang.de\/fussball\/?page_id=4697"},"modified":"2014-07-21T11:40:34","modified_gmt":"2014-07-21T11:40:34","slug":"u9-feldturnier-skg-botnang","status":"publish","type":"page","link":"https:\/\/asv-botnang.de\/fussball\/u9-feldturnier-skg-botnang\/","title":{"rendered":"U9-Feldturnier SKG Botnang"},"content":{"rendered":"<p><span style=\"color: #008080\"><strong>F-Junioren-Turnier der SKG Botnang: ASV gewinnt die Botnanger Stadtmeisterschaft<\/strong><\/span><\/p>\n<p>Mit gro\u00dfer Vorfreude und einer geh\u00f6rigen Portion Selbstbewusstsein nach den starken Leistungen bei den letzten erfolgreichen Auftritten trat die F1 zum Himmerreich-Cup beim s\u00fcdlichen Nachbarn an. Angesichts des famili\u00e4ren Teilnehmerfeldes mit 4 Botnanger Teams hatte die Veranstaltung den reizvollen Charakter einer offenen Botnanger Meisterschaft, bei der auch noch Omonia Vaihingen und TSV Bernhausen mitmischen wollten.<\/p>\n<p>Die ASV-Kicker trafen zum Auftakt auf das U9-Team des Gastgebers und zeigten von Beginn an, dass sie den durchwachsenen und mitunter indisponierten Eindruck aus der Fr\u00fchjahrsrunde unbedingt korrigieren wollten. Sehr pr\u00e4sent und konzentriert, mit viel Ballbesitz und permanenter Kontrolle \u00fcber das Spielgeschehen setzten sie ihre Kontrahenten fr\u00fch unter Druck und entwickelten dabei viel Zug zum Tor. Der Gegner fand kaum Entlastung und so war es eine Frage der Zeit, bis Pascal eine sehenswerte Ballstafette mit einem strammen Schuss zur F\u00fchrung abschloss. Durch kompromissloses Defensivverhalten hielt der ASV den Ball vom eigenen Kasten fern und brachte den ersten Sieg, der dem Spielverlauf nach auch h\u00e4tte h\u00f6her ausfallen k\u00f6nnen, sicher nach Hause.<\/p>\n<p>In der n\u00e4chsten Partie konnte der TSV Bernhausen dem Power-Fu\u00dfball der ASV-Kids nur anfangs standhalten, dann setzten sich die Botnanger verdient mit 2:1 durch. Nachdem es gegen die beiden U8-Teams des Gastgebers, die sich zwar tapfer wehrten, aber letztlich der physischen und spielerischen \u00dcberlegenheit der Wei\u00df-Schwarzen nichts Entscheidendes entgegenzusetzen hatten, die zu erwartenden Pflichtsiege gab, kam es im letzten Spiel gegen die bis dato ebenfalls ungeschlagenen Kicker von Omonia Vaihingen zum echten Endspiel um den Turniersieg, Wiewohl dem ASV ein Remis gereicht h\u00e4tte, wollten Merisa und die Jungs m\u00f6glichst bald klare Verh\u00e4ltnisse schaffen. Verhaltene Spielweise war ihre Sache nie, und so wirbelten sie von Beginn an den Gegner geh\u00f6rig durcheinander, gl\u00e4nzten durch variablen Spielaufbau und konsequentes Fl\u00fcgelspiel und lie\u00dfen dem Gegner kaum Raum f\u00fcr eigene Aktionen. Nachdem Luan einen &#8211; allerdings fragw\u00fcrdigen &#8211; Neunmeter scher verwandelt hatte, zogen die ASV-Kids Tor um Tor davon und lie\u00dfen nie einen Zweifel daran, dass sie dieses Spiel und das Turnier gewinnen w\u00fcrden. Am Ende stand ein ungef\u00e4hrdeter 4:1-Sieg, zu dem Luan und Marko je 2 Treffer beisteuerten.<\/p>\n<p>Wie auch schon beim Hallenturnier der SKG entf\u00fchrten die ASV-Kicker den Siegerpokal dank konstant starker Leistungen verdient in den Botnanger Norden. 5 Siege aus 5 Spielen, beste Defensive (2 Gegentore), treffsicherste Offensive (15 Treffer), Botnanger Meisterschaft klar f\u00fcr sich entschieden: An diesem Auftritt hatten Spieler, Fans und Trainer uneingeschr\u00e4nkt gro\u00dfen Spa\u00df!<\/p>\n<p>&nbsp;<\/p>\n<p>F\u00fcr den ASV kickten (Tore):<\/p>\n<p>Merisa (TS), Tim (1), Pascal (4), Giacomo (2), Luan (4), Marko (TS \/ 4)<\/p>\n<p><span style=\"color: #008080\"><strong><a href=\"http:\/\/asv-botnang.de\/fussball\/u9-feldturnier-skg-botnang\/skg-u9-ft-13-07-2014\/\" rel=\"attachment wp-att-4707\"><img decoding=\"async\" loading=\"lazy\" class=\"alignnone size-full wp-image-4707\" src=\"http:\/\/asv-botnang.de\/fussball\/files\/2014\/07\/SKG-U9-FT-13.07.2014.jpg\" alt=\"SKG U9 FT 13.07.2014\" width=\"528\" height=\"566\" \/><\/a><\/strong><\/span><\/p>\n<p>&nbsp;<\/p>\n","protected":false},"excerpt":{"rendered":"<p>F-Junioren-Turnier der SKG Botnang: ASV gewinnt die Botnanger Stadtmeisterschaft Mit gro\u00dfer Vorfreude und einer geh\u00f6rigen Portion Selbstbewusstsein nach den starken Leistungen bei den letzten erfolgreichen Auftritten trat die F1 zum Himmerreich-Cup beim s\u00fcdlichen Nachbarn an. Angesichts des famili\u00e4ren Teilnehmerfeldes mit 4 Botnanger Teams hatte die Veranstaltung den reizvollen Charakter einer offenen Botnanger Meisterschaft, bei der &hellip; <a href=\"https:\/\/asv-botnang.de\/fussball\/u9-feldturnier-skg-botnang\/\" class=\"more-link\"><span class=\"screen-reader-text\">U9-Feldturnier SKG Botnang<\/span> weiterlesen <span class=\"meta-nav\">&rarr;<\/span><\/a><\/p>\n","protected":false},"author":9,"featured_media":0,"parent":0,"menu_order":0,"comment_status":"open","ping_status":"open","template":"","meta":[],"_links":{"self":[{"href":"https:\/\/asv-botnang.de\/fussball\/wp-json\/wp\/v2\/pages\/4697"}],"collection":[{"href":"https:\/\/asv-botnang.de\/fussball\/wp-json\/wp\/v2\/pages"}],"about":[{"href":"https:\/\/asv-botnang.de\/fussball\/wp-json\/wp\/v2\/types\/page"}],"author":[{"embeddable":true,"href":"https:\/\/asv-botnang.de\/fussball\/wp-json\/wp\/v2\/users\/9"}],"replies":[{"embeddable":true,"href":"https:\/\/asv-botnang.de\/fussball\/wp-json\/wp\/v2\/comments?post=4697"}],"version-history":[{"count":3,"href":"https:\/\/asv-botnang.de\/fussball\/wp-json\/wp\/v2\/pages\/4697\/revisions"}],"predecessor-version":[{"id":4708,"href":"https:\/\/asv-botnang.de\/fussball\/wp-json\/wp\/v2\/pages\/4697\/revisions\/4708"}],"wp:attachment":[{"href":"https:\/\/asv-botnang.de\/fussball\/wp-json\/wp\/v2\/media?parent=4697"}],"curies":[{"name":"wp","href":"https:\/\/api.w.org\/{rel}","templated":true}]}}