{"id":6379,"date":"2016-02-01T14:48:16","date_gmt":"2016-02-01T14:48:16","guid":{"rendered":"http:\/\/asv-botnang.de\/fussball\/?page_id=6379"},"modified":"2020-10-12T06:48:25","modified_gmt":"2020-10-12T06:48:25","slug":"foerdertraining","status":"publish","type":"page","link":"https:\/\/asv-botnang.de\/fussball\/foerdertraining\/","title":{"rendered":"F\u00f6rdertraining"},"content":{"rendered":"<div id=\"pl-6379\"  class=\"panel-layout\" ><div id=\"pg-6379-0\"  class=\"panel-grid panel-no-style\" ><div id=\"pgc-6379-0-0\"  class=\"panel-grid-cell\" ><div id=\"panel-6379-0-0-0\" class=\"so-panel widget widget_sow-editor panel-first-child panel-last-child\" data-index=\"0\" ><div\n\t\t\t\n\t\t\tclass=\"so-widget-sow-editor so-widget-sow-editor-base\"\n\t\t\t\n\t\t>\n<div class=\"siteorigin-widget-tinymce textwidget\">\n\t<p><a href=\"http:\/\/www.goal-fussballschule.de\/startseite\/f%C3%B6rdertraining-talenttraining\/\" target=\"_blank\" rel=\"noopener\"><img decoding=\"async\" loading=\"lazy\" class=\" wp-image-6783 alignright\" src=\"http:\/\/asv-botnang.de\/fussball\/files\/2016\/03\/Logo-goal.jpg\" alt=\"Logo goal\" width=\"130\" height=\"121\" \/><\/a> Auch im Herbst 2020 bieten wir in Kooperation mit der \"Fu\u00dfballschule Goal\"\u00a0 ein F\u00f6rdertraining f\u00fcr Kinder im E- und F-Jugendalter an. Ein Trainingsblock besteht aus 6 Einheiten \u00e0 75 Minuten. <span style=\"background-color: #ffff99\">Start ist am 16. Oktober 2020<\/span>.<br \/>\nGeleitet werden die w\u00f6chentlich stattfindenden Trainingseinheiten von G\u00fcnter Rommel, DFB A-Lizenz Inhaber und Leiter der\u00a0 \"Fu\u00dfballschule Goal\", sowie von Stefan Minkwitz, fr\u00fcherer Bundesligaspieler und Trainer, und jetziger Co-Trainer der deutschen U17-Nationalmannschaft.<br \/>\nAnmeldungen, auch f\u00fcr Nichtmitglieder, bis 13. 10. 2020<\/p>\n<p><em><span style=\"font-size: 14pt;color: #808080\"><strong>&gt;&gt; <\/strong><\/span><\/em><a href=\"http:\/\/asv-botnang.de\/fussball\/files\/2020\/10\/Anmeldung-F\u00f6rdertraining-H20n.pdf\" target=\"_blank\" rel=\"noopener\"><span style=\"color: #808080;background-color: #ccffff\"><em><span style=\"font-size: 14pt;background-color: #ccffff\"><strong><span style=\"color: #808080\">Anmeldeformular<\/span><\/strong><\/span><\/em><\/span><\/a><\/p>\n<p>Trainingszeit: Freitag, 16:45 - 18:00 Uhr, ASV-Kunstrasen<\/p>\n<p><span style=\"font-size: 10pt;color: #808080\"><strong><img decoding=\"async\" loading=\"lazy\" class=\"size-full wp-image-12014 alignnone\" src=\"http:\/\/asv-botnang.de\/fussball\/files\/2019\/04\/foeTrF19-web.jpg\" alt=\"\" width=\"800\" height=\"650\" srcset=\"https:\/\/asv-botnang.de\/fussball\/files\/2019\/04\/foeTrF19-web.jpg 800w, https:\/\/asv-botnang.de\/fussball\/files\/2019\/04\/foeTrF19-web-300x244.jpg 300w, https:\/\/asv-botnang.de\/fussball\/files\/2019\/04\/foeTrF19-web-768x624.jpg 768w\" sizes=\"(max-width: 800px) 100vw, 800px\" \/><br \/>\nF\u00f6rdertraining Fr\u00fchjahr 2019 mit A-Lizenztrainer G\u00fcnter Rommel und Co-Trainer Hadi Kassar.<\/strong><\/span><\/p>\n<p><a href=\"http:\/\/asv-botnang.de\/fussball\/foetrdez16-stefan-minkwitz\/\"><img decoding=\"async\" loading=\"lazy\" class=\"alignnone wp-image-8174 size-full\" src=\"http:\/\/asv-botnang.de\/fussball\/files\/2016\/12\/F\u00f6TrDez16-Stefan-Minkwitz.jpg\" alt=\"foetrdez16-stefan-minkwitz\" width=\"738\" height=\"559\" srcset=\"https:\/\/asv-botnang.de\/fussball\/files\/2016\/12\/F\u00f6TrDez16-Stefan-Minkwitz.jpg 738w, https:\/\/asv-botnang.de\/fussball\/files\/2016\/12\/F\u00f6TrDez16-Stefan-Minkwitz-300x227.jpg 300w\" sizes=\"(max-width: 738px) 100vw, 738px\" \/><\/a><strong><span style=\"font-size: 10pt;color: #808080\">F\u00f6rdergruppe 2 mit Trainer Stefan Minkwitz, ehem. Bundesliga- und Nationalspieler <\/span><\/strong><br \/>\nUnser Konzept sieht vor, f\u00f6rderwilligen und -w\u00fcrdigen Spielern eine zus\u00e4tzliche M\u00f6glichkeit zu geben ihre individuellen fu\u00dfballerischen F\u00e4higkeiten zu verbessern. Einen Gro\u00dfteil der Kosten tr\u00e4gt dabei der Verein, um allen geeigneten Spielern die Teilnahme zu erm\u00f6glichen. <style type=\"text\/css\">.easingslider-6927 { max-width: 640px; }.easingslider-6927 .easingslider-fade-in, .easingslider-fade-out { -webkit-animation-duration: 600ms; -moz-animation-duration: 600ms; animation-duration: 600ms; }<\/style><script type=\"text\/javascript\">window.EasingSlider6927 = {\"width\":640,\"height\":400,\"singleItem\":true,\"items\":1,\"itemsDesktop\":false,\"itemsDesktopSmall\":false,\"itemsTablet\":false,\"itemsTabletSmall\":false,\"itemsMobile\":false,\"responsive\":true,\"lazyLoad\":true,\"autoPlay\":4000,\"slideSpeed\":600,\"navigation\":true,\"navigationText\":[\"\",\"\"],\"pagination\":false,\"autoHeight\":true,\"mouseDrag\":false,\"touchDrag\":false,\"addClassActive\":true,\"transitionStyle\":false};<\/script><div data-id=\"6927\" class=\"easingslider easingslider-6927 easingslider-container easingslider-resizing-enabled easingslider-auto-height easingslider-arrows-inside\"><div class=\"easingslider-slide\"><a href=\"none\" target=\"\"><img src=\"https:\/\/asv-botnang.de\/fussball\/wp-content\/plugins\/easing-slider\/assets\/images\/placeholder-pixel.png\" data-src=\"https:\/\/asv-botnang.de\/fussball\/files\/2016\/04\/DSCF2673-640x400.jpg\" alt=\"\" title=\"\" class=\"easingslider-image easingslider-lazy\" \/><\/a><\/div><div class=\"easingslider-slide\"><a href=\"none\" target=\"\"><img src=\"https:\/\/asv-botnang.de\/fussball\/wp-content\/plugins\/easing-slider\/assets\/images\/placeholder-pixel.png\" data-src=\"https:\/\/asv-botnang.de\/fussball\/files\/2016\/04\/DSCF2670-640x400.jpg\" alt=\"\" title=\"\" class=\"easingslider-image easingslider-lazy\" \/><\/a><\/div><div class=\"easingslider-slide\"><a href=\"none\" target=\"\"><img src=\"https:\/\/asv-botnang.de\/fussball\/wp-content\/plugins\/easing-slider\/assets\/images\/placeholder-pixel.png\" data-src=\"https:\/\/asv-botnang.de\/fussball\/files\/2016\/04\/DSCF2677-640x400.jpg\" alt=\"\" title=\"\" class=\"easingslider-image easingslider-lazy\" \/><\/a><\/div><div class=\"easingslider-slide\"><a href=\"none\" target=\"\"><img src=\"https:\/\/asv-botnang.de\/fussball\/wp-content\/plugins\/easing-slider\/assets\/images\/placeholder-pixel.png\" data-src=\"https:\/\/asv-botnang.de\/fussball\/files\/2016\/04\/DSCF2665-640x400.jpg\" alt=\"\" title=\"\" class=\"easingslider-image easingslider-lazy\" \/><\/a><\/div><div class=\"easingslider-slide\"><a href=\"none\" target=\"\"><img src=\"https:\/\/asv-botnang.de\/fussball\/wp-content\/plugins\/easing-slider\/assets\/images\/placeholder-pixel.png\" data-src=\"https:\/\/asv-botnang.de\/fussball\/files\/2016\/04\/DSCF2660-640x400.jpg\" alt=\"\" title=\"\" class=\"easingslider-image easingslider-lazy\" \/><\/a><\/div><\/div> Weitere Infos bei &gt;&gt; <span style=\"color: #008080\"><a style=\"color: #008080\" href=\"http:\/\/www.goal-fussballschule.de\/startseite\/f%C3%B6rdertraining-talenttraining\/\" target=\"_blank\" rel=\"noopener\">Fu\u00dfballschule Goal<\/a><\/span><\/p>\n<\/div>\n<\/div><\/div><\/div><div id=\"pgc-6379-0-1\"  class=\"panel-grid-cell\" ><div id=\"panel-6379-0-1-0\" class=\"so-panel widget widget_sow-editor panel-first-child panel-last-child\" data-index=\"1\" ><div class=\"panel-widget-style panel-widget-style-for-6379-0-1-0\" ><div\n\t\t\t\n\t\t\tclass=\"so-widget-sow-editor so-widget-sow-editor-base\"\n\t\t\t\n\t\t>\n<div class=\"siteorigin-widget-tinymce textwidget\">\n\t<p><a href=\"http:\/\/asv-botnang.de\/fussball\/foerdertraining\/g-rommel\/\" rel=\"attachment wp-att-7010\"><img decoding=\"async\" loading=\"lazy\" class=\"wp-image-7010 alignnone\" src=\"http:\/\/asv-botnang.de\/fussball\/files\/2016\/02\/G.-Rommel.jpg\" alt=\"G. Rommel\" width=\"155\" height=\"230\" \/><br \/>\n<\/a><span style=\"font-size: 10pt\">G\u00fcnter Rommel<\/span><br \/>\n<span style=\"font-size: 8pt\">- DFB A-Lizenz<\/span><br \/>\n<span style=\"font-size: 8pt\">- Ehem. Trainer und Jugendkoordinator Stuttgarter Kickers &amp; VfB Stuttgart<\/span><br \/>\n<span style=\"font-size: 8pt\">- Trainer Bundesliga Frauen 2006 - 2009<\/span><br \/>\n<span style=\"font-size: 8pt\">- Trainer Regionalliga Herren 2001 - 2005<\/span><br \/>\n<span style=\"font-size: 8pt\">- Ausgebildeter Gymnasiallehrer<\/span><\/p>\n<p><img decoding=\"async\" loading=\"lazy\" class=\"alignnone wp-image-10385\" src=\"http:\/\/asv-botnang.de\/fussball\/files\/2018\/03\/Minki-DFB-Kopie-2-224x300.jpg\" alt=\"\" width=\"156\" height=\"209\" srcset=\"https:\/\/asv-botnang.de\/fussball\/files\/2018\/03\/Minki-DFB-Kopie-2-224x300.jpg 224w, https:\/\/asv-botnang.de\/fussball\/files\/2018\/03\/Minki-DFB-Kopie-2.jpg 299w\" sizes=\"(max-width: 156px) 100vw, 156px\" \/><br \/>\n<span style=\"font-size: 10pt\">Stefan Minkwitz<\/span><\/p>\n<\/div>\n<\/div><\/div><\/div><\/div><\/div><\/div>","protected":false},"excerpt":{"rendered":"<p>Auch im Herbst 2020 bieten wir in Kooperation mit der &#8222;Fu\u00dfballschule Goal&#8220;\u00a0 ein F\u00f6rdertraining f\u00fcr Kinder im E- und F-Jugendalter an. Ein Trainingsblock besteht aus 6 Einheiten \u00e0 75 Minuten. Start ist am 16. Oktober 2020. Geleitet werden die w\u00f6chentlich stattfindenden Trainingseinheiten von G\u00fcnter Rommel, DFB A-Lizenz Inhaber und Leiter der\u00a0 &#8222;Fu\u00dfballschule Goal&#8220;, sowie von &hellip; <a href=\"https:\/\/asv-botnang.de\/fussball\/foerdertraining\/\" class=\"more-link\"><span class=\"screen-reader-text\">F\u00f6rdertraining<\/span> weiterlesen <span class=\"meta-nav\">&rarr;<\/span><\/a><\/p>\n","protected":false},"author":9,"featured_media":0,"parent":0,"menu_order":0,"comment_status":"closed","ping_status":"closed","template":"page-templates\/full-width.php","meta":[],"_links":{"self":[{"href":"https:\/\/asv-botnang.de\/fussball\/wp-json\/wp\/v2\/pages\/6379"}],"collection":[{"href":"https:\/\/asv-botnang.de\/fussball\/wp-json\/wp\/v2\/pages"}],"about":[{"href":"https:\/\/asv-botnang.de\/fussball\/wp-json\/wp\/v2\/types\/page"}],"author":[{"embeddable":true,"href":"https:\/\/asv-botnang.de\/fussball\/wp-json\/wp\/v2\/users\/9"}],"replies":[{"embeddable":true,"href":"https:\/\/asv-botnang.de\/fussball\/wp-json\/wp\/v2\/comments?post=6379"}],"version-history":[{"count":70,"href":"https:\/\/asv-botnang.de\/fussball\/wp-json\/wp\/v2\/pages\/6379\/revisions"}],"predecessor-version":[{"id":13338,"href":"https:\/\/asv-botnang.de\/fussball\/wp-json\/wp\/v2\/pages\/6379\/revisions\/13338"}],"wp:attachment":[{"href":"https:\/\/asv-botnang.de\/fussball\/wp-json\/wp\/v2\/media?parent=6379"}],"curies":[{"name":"wp","href":"https:\/\/api.w.org\/{rel}","templated":true}]}}