{"id":8261,"date":"2017-01-14T16:31:00","date_gmt":"2017-01-14T16:31:00","guid":{"rendered":"http:\/\/asv-botnang.de\/fussball\/?page_id=8261"},"modified":"2017-01-14T16:32:07","modified_gmt":"2017-01-14T16:32:07","slug":"herzlich-willkommen","status":"publish","type":"page","link":"https:\/\/asv-botnang.de\/fussball\/fussball-jugend\/herzlich-willkommen\/","title":{"rendered":"Herzlich Willkommen"},"content":{"rendered":"<p>auf den\u00a0 Webseiten der ASV-Fu\u00dfballjugend. Sch\u00f6n, dass Sie bei uns vorbeischauen.<br \/>\nDie ASV-Fu\u00dfballjugend versteht sich als Abteilung f\u00fcr Breiten- und Leistungssport &#8211; alle fu\u00dfballbegeisterten Kinder und Jugendliche sind bei uns daher willkommen!<br \/>\nAlles Wissenswerte \u00fcber unsere Teams und Veranstaltungen finden Sie auf den links\/unten anzuklickenden Unterseiten. Viel Spa\u00df!<\/p>\n<p>Stefan W\u00fcstlich, Fu\u00dfballjugendleiter<\/p>\n","protected":false},"excerpt":{"rendered":"<p>auf den\u00a0 Webseiten der ASV-Fu\u00dfballjugend. Sch\u00f6n, dass Sie bei uns vorbeischauen. Die ASV-Fu\u00dfballjugend versteht sich als Abteilung f\u00fcr Breiten- und Leistungssport &#8211; alle fu\u00dfballbegeisterten Kinder und Jugendliche sind bei uns daher willkommen! Alles Wissenswerte \u00fcber unsere Teams und Veranstaltungen finden Sie auf den links\/unten anzuklickenden Unterseiten. Viel Spa\u00df! Stefan W\u00fcstlich, Fu\u00dfballjugendleiter<\/p>\n","protected":false},"author":9,"featured_media":0,"parent":40,"menu_order":0,"comment_status":"closed","ping_status":"closed","template":"page-templates\/full-width.php","meta":[],"_links":{"self":[{"href":"https:\/\/asv-botnang.de\/fussball\/wp-json\/wp\/v2\/pages\/8261"}],"collection":[{"href":"https:\/\/asv-botnang.de\/fussball\/wp-json\/wp\/v2\/pages"}],"about":[{"href":"https:\/\/asv-botnang.de\/fussball\/wp-json\/wp\/v2\/types\/page"}],"author":[{"embeddable":true,"href":"https:\/\/asv-botnang.de\/fussball\/wp-json\/wp\/v2\/users\/9"}],"replies":[{"embeddable":true,"href":"https:\/\/asv-botnang.de\/fussball\/wp-json\/wp\/v2\/comments?post=8261"}],"version-history":[{"count":2,"href":"https:\/\/asv-botnang.de\/fussball\/wp-json\/wp\/v2\/pages\/8261\/revisions"}],"predecessor-version":[{"id":8263,"href":"https:\/\/asv-botnang.de\/fussball\/wp-json\/wp\/v2\/pages\/8261\/revisions\/8263"}],"up":[{"embeddable":true,"href":"https:\/\/asv-botnang.de\/fussball\/wp-json\/wp\/v2\/pages\/40"}],"wp:attachment":[{"href":"https:\/\/asv-botnang.de\/fussball\/wp-json\/wp\/v2\/media?parent=8261"}],"curies":[{"name":"wp","href":"https:\/\/api.w.org\/{rel}","templated":true}]}}