{"id":167,"date":"2012-05-23T16:43:08","date_gmt":"2012-05-23T16:43:08","guid":{"rendered":"http:\/\/asv-botnang.de\/tischtennis\/?page_id=167"},"modified":"2024-09-16T13:41:53","modified_gmt":"2024-09-16T13:41:53","slug":"herzlich-willkommen-bei-der-tt-abteilung","status":"publish","type":"page","link":"https:\/\/asv-botnang.de\/tischtennis\/","title":{"rendered":"Herzlich willkommen!"},"content":{"rendered":"<table style=\"width: 930px;\">\n<tbody>\n<tr>\n<td style=\"width: 878px;\" colspan=\"3\"><img decoding=\"async\" loading=\"lazy\" class=\"alignleft wp-image-471 size-full\" src=\"http:\/\/asv-botnang.de\/tischtennis\/files\/2019\/07\/BannerD.gif\" alt=\"\" width=\"932\" height=\"120\" \/><\/td>\n<\/tr>\n<tr>\n<td style=\"width: 238px;\">\u00a0<strong>Dienstag<\/strong><\/p>\n<p>Jugend-Training<br \/>\n18:30 &#8211; 20.00 Uhr<br \/>\n(speziell auch f\u00fcr Anf\u00e4nger)<\/p>\n<p>Erwachsenen-Training<br \/>\n20:00 &#8211; 22:30 Uhr<\/td>\n<td style=\"width: 393px;\">Tischtennis ist ein Sport f\u00fcr Jung und Alt. Wenn Du Interesse hast, komm doch einfach vorbei bzw. schicke Deine Kinder ins Jugendtraining! Wir spielen in der vereinseigenen Sporthalle, daher k\u00f6nntest Du auch innerhalb der Schulferien immer bei uns vorbei schauen.<br \/>\nInteressierte Kinder ab 8, Jugendliche und jung Gebliebene sind willkommen. Fortgeschrittene Jugendspieler d\u00fcrfen im Anschluss bei den Aktiven mittrainieren.<br \/>\n(Samstag ist Heimspieltag der Jugendmannschaften U-15 und U-18)Bist Du Anf\u00e4nger, Fortgeschrittener, und\/oder hast Du bereits in einer Mannschaft gespielt, wir begr\u00fc\u00dfen Dich gerne im Dienstag-oder Freitag-Training.<\/td>\n<td style=\"width: 247px;\">\u00a0<strong>Freitag<\/strong><\/p>\n<p>Training Jugendmannschaft(en)<br \/>\n19:00 &#8211; 20:00 Uhr<\/p>\n<p>Erwachsenen-Training<br \/>\n20:00 &#8211; 22:30 Uhr<\/td>\n<\/tr>\n<tr>\n<td style=\"width: 238px;\"><em><a href=\"http:\/\/asv-botnang.de\/tischtennis\/anschriften\/\">Hier<\/a> findest Du Telefonnummern und Mailadressen, mit denen Du unsere Abteilung direkt erreichst<\/em><\/td>\n<td style=\"width: 393px;\">Der Newsletter unseres <a href=\"http:\/\/www.ttvwh.de\" target=\"_blank\" rel=\"noopener noreferrer\">Tischtennis-Verbands<\/a> erscheint jeden Donnerstag\/Freitag und enth\u00e4lt Aktuelles, u.a. auch Turniere, Ergebnisse &#8230;<\/td>\n<td style=\"width: 247px;\">Ort: Furtw\u00e4nglerstr.122 * 70195 Stuttgart-Botnang<br \/>\n(Strasse Richtung Feuerbach)<\/td>\n<\/tr>\n<\/tbody>\n<\/table>\n<p>* Ausgabe 16-9-2024 *<\/p>\n","protected":false},"excerpt":{"rendered":"<p>\u00a0Dienstag Jugend-Training 18:30 &#8211; 20.00 Uhr (speziell auch f\u00fcr Anf\u00e4nger) Erwachsenen-Training 20:00 &#8211; 22:30 Uhr Tischtennis ist ein Sport f\u00fcr Jung und Alt. Wenn Du Interesse hast, komm doch einfach vorbei bzw. schicke Deine Kinder ins Jugendtraining! Wir spielen in der vereinseigenen Sporthalle, daher k\u00f6nntest Du auch innerhalb der Schulferien immer bei uns vorbei schauen. &hellip; <a href=\"https:\/\/asv-botnang.de\/tischtennis\/\" class=\"more-link\"><span class=\"screen-reader-text\">Herzlich willkommen!<\/span> weiterlesen <span class=\"meta-nav\">&rarr;<\/span><\/a><\/p>\n","protected":false},"author":10,"featured_media":0,"parent":0,"menu_order":0,"comment_status":"open","ping_status":"open","template":"","meta":[],"_links":{"self":[{"href":"https:\/\/asv-botnang.de\/tischtennis\/wp-json\/wp\/v2\/pages\/167"}],"collection":[{"href":"https:\/\/asv-botnang.de\/tischtennis\/wp-json\/wp\/v2\/pages"}],"about":[{"href":"https:\/\/asv-botnang.de\/tischtennis\/wp-json\/wp\/v2\/types\/page"}],"author":[{"embeddable":true,"href":"https:\/\/asv-botnang.de\/tischtennis\/wp-json\/wp\/v2\/users\/10"}],"replies":[{"embeddable":true,"href":"https:\/\/asv-botnang.de\/tischtennis\/wp-json\/wp\/v2\/comments?post=167"}],"version-history":[{"count":36,"href":"https:\/\/asv-botnang.de\/tischtennis\/wp-json\/wp\/v2\/pages\/167\/revisions"}],"predecessor-version":[{"id":622,"href":"https:\/\/asv-botnang.de\/tischtennis\/wp-json\/wp\/v2\/pages\/167\/revisions\/622"}],"wp:attachment":[{"href":"https:\/\/asv-botnang.de\/tischtennis\/wp-json\/wp\/v2\/media?parent=167"}],"curies":[{"name":"wp","href":"https:\/\/api.w.org\/{rel}","templated":true}]}}