{"id":1188,"date":"2014-09-09T15:58:01","date_gmt":"2014-09-09T15:58:01","guid":{"rendered":"http:\/\/asv-botnang.de\/turnen-tanzen-gymnastik\/?page_id=1188"},"modified":"2026-01-13T14:56:12","modified_gmt":"2026-01-13T14:56:12","slug":"tanzmaeuse","status":"publish","type":"page","link":"https:\/\/asv-botnang.de\/turnen-tanzen-gymnastik\/tanzmaeuse\/","title":{"rendered":"Tanzm\u00e4use"},"content":{"rendered":"<div id=\"pl-1188\"  class=\"panel-layout\" ><div id=\"pg-1188-0\"  class=\"panel-grid panel-no-style\" ><div id=\"pgc-1188-0-0\"  class=\"panel-grid-cell panel-grid-cell-mobile-last\" ><div id=\"panel-1188-0-0-0\" class=\"so-panel widget widget_sow-editor panel-first-child panel-last-child\" data-index=\"0\" ><div\n\t\t\t\n\t\t\tclass=\"so-widget-sow-editor so-widget-sow-editor-base\"\n\t\t\t\n\t\t><h3 class=\"widget-title\">F\u00fcr Kinder ab 4 Jahren<\/h3>\n<div class=\"siteorigin-widget-tinymce textwidget\">\n\t<p>Kreativer Kindertanz geeignet f\u00fcr die Altersgruppe ab 4\/5 Jahren - fr\u00f6hlich und bunt ! Die regelm\u00e4\u00dfige Teilnahme f\u00f6rdert die ganzheitliche Entwicklung des K\u00f6rpers und der Sinne, verbessert Rhythmus-Gef\u00fchl und r\u00e4umliche Wahrnehmung , st\u00e4rkt die Muskulatur, f\u00f6rdert die koordinativen F\u00e4higkeiten, entwickelt soziale Kompetenzen und schenkt Selbstvertrauen. Rhythmus sp\u00fcren, unterschiedliche Musikstile kennen lernen, mit dem ganzen K\u00f6rper Emotionen ausdrucken und Geschichten erz\u00e4hlen. In dieser Altersstufe sind die Schritt-Kombinationen m\u00f6glich, erste Formationen werden einge\u00fcbt und zum Ende des Halbjahrs auf Wunsch aufgef\u00fchrt.<\/p>\n<p>Bitte sorgen Sie f\u00fcr bequeme Sportkleidung und Gymnastikschuhe f\u00fcr Ihr Kind. Kein Schmuck und keine offenen langen Haare!<\/p>\n<h5>KURSZEITEN<\/h5>\n<p>Dienstag: 17:30 - 18:15 Uhr<\/p>\n<p>Kursleiterin: Hannah Marie Rauh<br \/>\nOrt: Gymnastikhalle, Sportgel\u00e4nde des ASV Botnang<\/p>\n<h5>ANMELDUNG UND KONTAKT<\/h5>\n<p>Anmeldung \u00fcber\u00a0https:\/\/joinsports.de\/page\/asv-botnang\/course-offerings\/<br \/>\nSchnupperstunde ist nach Absprache m\u00f6glich.<\/p>\n<p>Kontakt: Sven.Hirth@asv-botnang.de<\/p>\n<h5>GEB\u00dcHREN<\/h5>\n<p>ASV Mitglieder: 30 \u20ac pro Saison<br \/>\nNichtmitglieder: 80 \u20ac pro Saison<\/p>\n<p>Keine Kurse w\u00e4hrend der Schulferien<\/p>\n<\/div>\n<\/div><\/div><\/div><div id=\"pgc-1188-0-1\"  class=\"panel-grid-cell panel-grid-cell-empty\" ><\/div><\/div><\/div>","protected":false},"excerpt":{"rendered":"<p>Kreativer Kindertanz geeignet f\u00fcr die Altersgruppe ab 4\/5 Jahren &#8211; fr\u00f6hlich und bunt ! Die regelm\u00e4\u00dfige Teilnahme f\u00f6rdert die ganzheitliche Entwicklung des K\u00f6rpers und der Sinne, verbessert Rhythmus-Gef\u00fchl und r\u00e4umliche Wahrnehmung , st\u00e4rkt die Muskulatur, f\u00f6rdert die koordinativen F\u00e4higkeiten, entwickelt soziale Kompetenzen und schenkt Selbstvertrauen. Rhythmus sp\u00fcren, unterschiedliche Musikstile kennen lernen, mit dem ganzen K\u00f6rper &hellip; <a href=\"https:\/\/asv-botnang.de\/turnen-tanzen-gymnastik\/tanzmaeuse\/\" class=\"more-link\"><span class=\"screen-reader-text\">Tanzm\u00e4use<\/span> weiterlesen <span class=\"meta-nav\">&rarr;<\/span><\/a><\/p>\n","protected":false},"author":45,"featured_media":0,"parent":0,"menu_order":0,"comment_status":"open","ping_status":"open","template":"","meta":[],"_links":{"self":[{"href":"https:\/\/asv-botnang.de\/turnen-tanzen-gymnastik\/wp-json\/wp\/v2\/pages\/1188"}],"collection":[{"href":"https:\/\/asv-botnang.de\/turnen-tanzen-gymnastik\/wp-json\/wp\/v2\/pages"}],"about":[{"href":"https:\/\/asv-botnang.de\/turnen-tanzen-gymnastik\/wp-json\/wp\/v2\/types\/page"}],"author":[{"embeddable":true,"href":"https:\/\/asv-botnang.de\/turnen-tanzen-gymnastik\/wp-json\/wp\/v2\/users\/45"}],"replies":[{"embeddable":true,"href":"https:\/\/asv-botnang.de\/turnen-tanzen-gymnastik\/wp-json\/wp\/v2\/comments?post=1188"}],"version-history":[{"count":30,"href":"https:\/\/asv-botnang.de\/turnen-tanzen-gymnastik\/wp-json\/wp\/v2\/pages\/1188\/revisions"}],"predecessor-version":[{"id":2171,"href":"https:\/\/asv-botnang.de\/turnen-tanzen-gymnastik\/wp-json\/wp\/v2\/pages\/1188\/revisions\/2171"}],"wp:attachment":[{"href":"https:\/\/asv-botnang.de\/turnen-tanzen-gymnastik\/wp-json\/wp\/v2\/media?parent=1188"}],"curies":[{"name":"wp","href":"https:\/\/api.w.org\/{rel}","templated":true}]}}