{"id":1289,"date":"2015-09-07T11:09:09","date_gmt":"2015-09-07T11:09:09","guid":{"rendered":"http:\/\/asv-botnang.de\/turnen-tanzen-gymnastik\/?page_id=1289"},"modified":"2025-12-04T13:48:06","modified_gmt":"2025-12-04T13:48:06","slug":"eltern-kind-turnen","status":"publish","type":"page","link":"https:\/\/asv-botnang.de\/turnen-tanzen-gymnastik\/eltern-kind-turnen\/","title":{"rendered":"Eltern-Kind-Turnen"},"content":{"rendered":"<div id=\"pl-1289\"  class=\"panel-layout\" ><div id=\"pg-1289-0\"  class=\"panel-grid panel-no-style\" ><div id=\"pgc-1289-0-0\"  class=\"panel-grid-cell panel-grid-cell-mobile-last\" ><div id=\"panel-1289-0-0-0\" class=\"so-panel widget widget_sow-editor panel-first-child panel-last-child\" data-index=\"0\" ><div\n\t\t\t\n\t\t\tclass=\"so-widget-sow-editor so-widget-sow-editor-base\"\n\t\t\t\n\t\t>\n<div class=\"siteorigin-widget-tinymce textwidget\">\n\t<div class=\"siteorigin-widget-tinymce textwidget\">\n<p>Unser Eltern-Kind-Turnen bietet M\u00fcttern, V\u00e4tern und ihren Kindern von 2,5 bis 4 Jahren die M\u00f6glichkeit, gemeinsam aktiv zu werden, Spa\u00df an Bewegung zu erleben und spielerisch motorische F\u00e4higkeiten zu f\u00f6rdern. In einer vertrauten und fr\u00f6hlichen Atmosph\u00e4re entdecken die Kinder mit ihren Eltern, wie vielseitig Bewegung sein kann \u2013 mit einfachen Alltagsmaterialien, spannenden Ger\u00e4telandschaften und fantasievollen Bewegungsaufbauten.<\/p>\n<p>Ob Kriechen durch Tunnel, Balancieren \u00fcber B\u00e4nke oder Klettern auf Mattenberge \u2013 interessante und abwechslungsreiche Ger\u00e4tekombinationen regen die Kinder an, sich auszuprobieren und neue Bewegungen zu entdecken. Dabei werden \u00c4ngste und Hemmungen behutsam abgebaut, das Selbstvertrauen gest\u00e4rkt und die Freude an k\u00f6rperlicher Aktivit\u00e4t geweckt.<\/p>\n<p>Bei uns wird jede Stunde altersgerecht, sicher und mit viel Spa\u00df gestaltet. Neben der F\u00f6rderung von Gleichgewicht, Koordination und Kraft stehen auch soziale Erfahrungen im Vordergrund: gemeinsames Spielen, Lachen und Lernen mit anderen Kindern und Eltern.<\/p>\n<h5>KURSZEITEN<\/h5>\n<p>Donnerstag: 15:15 - 16:15 Uhr (ab 08.01.2026)<\/p>\n<p>Kursleiterin: N.N.<br \/>\nOrt: Sporthalle, Sportgel\u00e4nde des ASV Botnang<\/p>\n<h5>ANMELDUNG UND KONTAKT<\/h5>\n<p>Anmeldung \u00fcber\u00a0<a href=\"https:\/\/joinsports.de\/page\/asv-botnang\/course-offerings\/\">https:\/\/joinsports.de\/page\/asv-botnang\/course-offerings\/<\/a><br \/>\nSchnupperstunde ist nach Absprache m\u00f6glich.<\/p>\n<p>Kontakt: Sven.Hirth@asv-botnang.de<\/p>\n<h5>GEB\u00dcHREN<\/h5>\n<p>ASV Mitglieder: 30 \u20ac pro Saison<br \/>\nNichtmitglieder: 80 \u20ac pro Saison<\/p>\n<p>Bonus- und Familienkarten werden bei uns akzeptiert.<\/p>\n<p>Keine Kurse w\u00e4hrend der Schulferien.<\/p>\n<\/div>\n<\/div>\n<\/div><\/div><\/div><div id=\"pgc-1289-0-1\"  class=\"panel-grid-cell panel-grid-cell-empty\" ><\/div><\/div><\/div>","protected":false},"excerpt":{"rendered":"<p>Unser Eltern-Kind-Turnen bietet M\u00fcttern, V\u00e4tern und ihren Kindern von 2,5 bis 4 Jahren die M\u00f6glichkeit, gemeinsam aktiv zu werden, Spa\u00df an Bewegung zu erleben und spielerisch motorische F\u00e4higkeiten zu f\u00f6rdern. In einer vertrauten und fr\u00f6hlichen Atmosph\u00e4re entdecken die Kinder mit ihren Eltern, wie vielseitig Bewegung sein kann \u2013 mit einfachen Alltagsmaterialien, spannenden Ger\u00e4telandschaften und fantasievollen &hellip; <a href=\"https:\/\/asv-botnang.de\/turnen-tanzen-gymnastik\/eltern-kind-turnen\/\" class=\"more-link\"><span class=\"screen-reader-text\">Eltern-Kind-Turnen<\/span> weiterlesen <span class=\"meta-nav\">&rarr;<\/span><\/a><\/p>\n","protected":false},"author":45,"featured_media":0,"parent":0,"menu_order":0,"comment_status":"closed","ping_status":"closed","template":"","meta":[],"_links":{"self":[{"href":"https:\/\/asv-botnang.de\/turnen-tanzen-gymnastik\/wp-json\/wp\/v2\/pages\/1289"}],"collection":[{"href":"https:\/\/asv-botnang.de\/turnen-tanzen-gymnastik\/wp-json\/wp\/v2\/pages"}],"about":[{"href":"https:\/\/asv-botnang.de\/turnen-tanzen-gymnastik\/wp-json\/wp\/v2\/types\/page"}],"author":[{"embeddable":true,"href":"https:\/\/asv-botnang.de\/turnen-tanzen-gymnastik\/wp-json\/wp\/v2\/users\/45"}],"replies":[{"embeddable":true,"href":"https:\/\/asv-botnang.de\/turnen-tanzen-gymnastik\/wp-json\/wp\/v2\/comments?post=1289"}],"version-history":[{"count":31,"href":"https:\/\/asv-botnang.de\/turnen-tanzen-gymnastik\/wp-json\/wp\/v2\/pages\/1289\/revisions"}],"predecessor-version":[{"id":2161,"href":"https:\/\/asv-botnang.de\/turnen-tanzen-gymnastik\/wp-json\/wp\/v2\/pages\/1289\/revisions\/2161"}],"wp:attachment":[{"href":"https:\/\/asv-botnang.de\/turnen-tanzen-gymnastik\/wp-json\/wp\/v2\/media?parent=1289"}],"curies":[{"name":"wp","href":"https:\/\/api.w.org\/{rel}","templated":true}]}}