{"id":1830,"date":"2021-12-09T12:09:25","date_gmt":"2021-12-09T12:09:25","guid":{"rendered":"http:\/\/asv-botnang.de\/turnen-tanzen-gymnastik\/?page_id=1830"},"modified":"2024-09-26T10:38:32","modified_gmt":"2024-09-26T10:38:32","slug":"yoga","status":"publish","type":"page","link":"https:\/\/asv-botnang.de\/turnen-tanzen-gymnastik\/yoga\/","title":{"rendered":"Yoga"},"content":{"rendered":"<div id=\"pl-1830\"  class=\"panel-layout\" ><div id=\"pg-1830-0\"  class=\"panel-grid panel-no-style\" ><div id=\"pgc-1830-0-0\"  class=\"panel-grid-cell\" ><div id=\"panel-1830-0-0-0\" class=\"so-panel widget widget_sow-editor panel-first-child panel-last-child\" data-index=\"0\" ><div\n\t\t\t\n\t\t\tclass=\"so-widget-sow-editor so-widget-sow-editor-base\"\n\t\t\t\n\t\t>\n<div class=\"siteorigin-widget-tinymce textwidget\">\n\t<p>Mindful Flow<\/p>\n<p>\u201eEin sanfteres Vinyasa Yoga f\u00fcr alle Level, bei dem wir in die Kraft als auch in die Ruhe gehen.<\/p>\n<p>Der meditative Flow, der durch die harmonische Verschmelzung von bewusster Bewegung mit der Atmung entsteht, fordert den K\u00f6rper und wirkt ausgleichend auf den Geist.<\/p>\n<p>Es bietet Dir den Raum, im Alltag den Resetknopf zu dr\u00fccken, um wieder bei Dir anzukommen. Dich zu entspannen, Dich zu dehnen und zu kr\u00e4ftigen.<\/p>\n<p>&nbsp;<\/p>\n<p>Mit Yogalehrerin Caro (200h Vinyasa &amp; Mindfulness Yogaleherausbildung)<\/p>\n<p>Yoga ist f\u00fcr mich eine Herzensangelegenheit, die ich mit meinen Sch\u00fclerInnen teilen m\u00f6chte.<\/p>\n<p>Meine Stunden - mal dynamisch und mal sanft - sind stets darauf ausgelegt, mit viel Freude, Hingabe und Achtsamkeit zu praktizieren.<\/p>\n<p>Eine korrekte Ausrichtung der Asana, in der Du Stabilit\u00e4t und Leichtigkeit erfahren kannst, ist mir dabei wichtig.<\/p>\n<p>Meditation, Pranayama (Atemtechniken) und restorative Elemente sind feste Bestandteile meiner Klassen.<\/p>\n<p>Wir \u00fcben uns im Annehmen, was ist, und im Loslassen.<\/p>\n<h3>Ich freue mich, zusammen mit Dir zu praktizieren und Dich auf Deinem Yogaweg zu begleiten!<\/h3>\n<p>Kurse:\u00a0<a href=\"http:\/\/asv-botnang.de\/turnen-tanzen-gymnastik\/einsteiger-und-mehr\/\">Hatha-Yoga<\/a><\/p>\n<p>&nbsp;<\/p>\n<\/div>\n<\/div><\/div><\/div><\/div><\/div>","protected":false},"excerpt":{"rendered":"<p>Mindful Flow \u201eEin sanfteres Vinyasa Yoga f\u00fcr alle Level, bei dem wir in die Kraft als auch in die Ruhe gehen. Der meditative Flow, der durch die harmonische Verschmelzung von bewusster Bewegung mit der Atmung entsteht, fordert den K\u00f6rper und wirkt ausgleichend auf den Geist. Es bietet Dir den Raum, im Alltag den Resetknopf zu &hellip; <a href=\"https:\/\/asv-botnang.de\/turnen-tanzen-gymnastik\/yoga\/\" class=\"more-link\"><span class=\"screen-reader-text\">Yoga<\/span> weiterlesen <span class=\"meta-nav\">&rarr;<\/span><\/a><\/p>\n","protected":false},"author":40,"featured_media":0,"parent":0,"menu_order":0,"comment_status":"closed","ping_status":"closed","template":"","meta":[],"_links":{"self":[{"href":"https:\/\/asv-botnang.de\/turnen-tanzen-gymnastik\/wp-json\/wp\/v2\/pages\/1830"}],"collection":[{"href":"https:\/\/asv-botnang.de\/turnen-tanzen-gymnastik\/wp-json\/wp\/v2\/pages"}],"about":[{"href":"https:\/\/asv-botnang.de\/turnen-tanzen-gymnastik\/wp-json\/wp\/v2\/types\/page"}],"author":[{"embeddable":true,"href":"https:\/\/asv-botnang.de\/turnen-tanzen-gymnastik\/wp-json\/wp\/v2\/users\/40"}],"replies":[{"embeddable":true,"href":"https:\/\/asv-botnang.de\/turnen-tanzen-gymnastik\/wp-json\/wp\/v2\/comments?post=1830"}],"version-history":[{"count":20,"href":"https:\/\/asv-botnang.de\/turnen-tanzen-gymnastik\/wp-json\/wp\/v2\/pages\/1830\/revisions"}],"predecessor-version":[{"id":2099,"href":"https:\/\/asv-botnang.de\/turnen-tanzen-gymnastik\/wp-json\/wp\/v2\/pages\/1830\/revisions\/2099"}],"wp:attachment":[{"href":"https:\/\/asv-botnang.de\/turnen-tanzen-gymnastik\/wp-json\/wp\/v2\/media?parent=1830"}],"curies":[{"name":"wp","href":"https:\/\/api.w.org\/{rel}","templated":true}]}}