{"id":1871,"date":"2022-01-05T14:03:54","date_gmt":"2022-01-05T14:03:54","guid":{"rendered":"http:\/\/asv-botnang.de\/turnen-tanzen-gymnastik\/?page_id=1871"},"modified":"2025-12-04T13:38:39","modified_gmt":"2025-12-04T13:38:39","slug":"turnen-und-parkour","status":"publish","type":"page","link":"https:\/\/asv-botnang.de\/turnen-tanzen-gymnastik\/turnen-und-parkour\/","title":{"rendered":"Turnen &#038; Koordination"},"content":{"rendered":"<div id=\"pl-1871\"  class=\"panel-layout\" ><div id=\"pg-1871-0\"  class=\"panel-grid panel-no-style\" ><div id=\"pgc-1871-0-0\"  class=\"panel-grid-cell\" ><div id=\"panel-1871-0-0-0\" class=\"so-panel widget widget_sow-editor panel-first-child panel-last-child\" data-index=\"0\" ><div\n\t\t\t\n\t\t\tclass=\"so-widget-sow-editor so-widget-sow-editor-base\"\n\t\t\t\n\t\t>\n<div class=\"siteorigin-widget-tinymce textwidget\">\n\t<p>In unserem Kurs \u201eTurnen &amp; Koordination\u201c entdecken Kinder im Alter ab 4 Jahren spielerisch die Freude an Bewegung und das Vertrauen in ihren eigenen K\u00f6rper. Durch abwechslungsreiche \u00dcbungen lernen sie Schritt f\u00fcr Schritt, wie vielseitig Turnen sein kann \u2013 von der ersten Rolle vorw\u00e4rts bis hin zu einfachen \u00dcbungen an Reck, Ringen oder Schwebebalken.<\/p>\n<p>Hier geht es nicht um Leistung, sondern um Spa\u00df, Mut und Bewegungsfreude! Die Kinder d\u00fcrfen ausprobieren, klettern, balancieren, schwingen, springen und sich frei bewegen. Durch gezielte Koordinations\u00fcbungen verbessern sie ihr Gleichgewicht, ihre Konzentration und ihr K\u00f6rpergef\u00fchl \u2013 wichtige Grundlagen f\u00fcr alle Sportarten.<\/p>\n<p>Ziel des Kurses:<\/p>\n<ul>\n<li>F\u00f6rderung von Koordination, Gleichgewicht, Kraft und Beweglichkeit<\/li>\n<li>Aufbau von K\u00f6rperspannung, K\u00f6rperkontrolle und Rhythmusgef\u00fchl<\/li>\n<li>St\u00e4rkung von Selbstvertrauen, Mut und Teamgeist<\/li>\n<li>Schulung von Aufmerksamkeit, Konzentration und Bewegungsplanung<\/li>\n<li>Spa\u00df an Bewegung und Freude am gemeinsamen Turnen erleben!<\/li>\n<\/ul>\n<h5>KURSZEITEN<\/h5>\n<p>Donnerstag: 17:30 - 18:30 Uhr (ab 08.01.2026)<\/p>\n<p>Kursleiter: Sven Hirth<br \/>\nOrt: Sporthalle, Sportgel\u00e4nde des ASV Botnang<\/p>\n<h5>ANMELDUNG UND KONTAKT<\/h5>\n<p>Anmeldung \u00fcber <a href=\"https:\/\/joinsports.de\/page\/asv-botnang\/course-offerings\/\">https:\/\/joinsports.de\/page\/asv-botnang\/course-offerings\/<\/a><br \/>\nSchnupperstunde ist nach Absprache m\u00f6glich.<\/p>\n<p>Kontakt: Sven.Hirth@asv-botnang.de<\/p>\n<h5>GEB\u00dcHREN<\/h5>\n<p>ASV Mitglieder: 30 \u20ac pro Saison<br \/>\nNichtmitglieder: 80 \u20ac pro Saison<\/p>\n<p>Bonus- und Familienkarten werden bei uns akzeptiert.<\/p>\n<p>Keine Kurse w\u00e4hrend der Schulferien!<\/p>\n<\/div>\n<\/div><\/div><\/div><\/div><\/div>","protected":false},"excerpt":{"rendered":"<p>In unserem Kurs \u201eTurnen &amp; Koordination\u201c entdecken Kinder im Alter ab 4 Jahren spielerisch die Freude an Bewegung und das Vertrauen in ihren eigenen K\u00f6rper. Durch abwechslungsreiche \u00dcbungen lernen sie Schritt f\u00fcr Schritt, wie vielseitig Turnen sein kann \u2013 von der ersten Rolle vorw\u00e4rts bis hin zu einfachen \u00dcbungen an Reck, Ringen oder Schwebebalken. Hier &hellip; <a href=\"https:\/\/asv-botnang.de\/turnen-tanzen-gymnastik\/turnen-und-parkour\/\" class=\"more-link\"><span class=\"screen-reader-text\">Turnen &#038; Koordination<\/span> weiterlesen <span class=\"meta-nav\">&rarr;<\/span><\/a><\/p>\n","protected":false},"author":40,"featured_media":0,"parent":0,"menu_order":0,"comment_status":"closed","ping_status":"closed","template":"","meta":[],"_links":{"self":[{"href":"https:\/\/asv-botnang.de\/turnen-tanzen-gymnastik\/wp-json\/wp\/v2\/pages\/1871"}],"collection":[{"href":"https:\/\/asv-botnang.de\/turnen-tanzen-gymnastik\/wp-json\/wp\/v2\/pages"}],"about":[{"href":"https:\/\/asv-botnang.de\/turnen-tanzen-gymnastik\/wp-json\/wp\/v2\/types\/page"}],"author":[{"embeddable":true,"href":"https:\/\/asv-botnang.de\/turnen-tanzen-gymnastik\/wp-json\/wp\/v2\/users\/40"}],"replies":[{"embeddable":true,"href":"https:\/\/asv-botnang.de\/turnen-tanzen-gymnastik\/wp-json\/wp\/v2\/comments?post=1871"}],"version-history":[{"count":7,"href":"https:\/\/asv-botnang.de\/turnen-tanzen-gymnastik\/wp-json\/wp\/v2\/pages\/1871\/revisions"}],"predecessor-version":[{"id":2160,"href":"https:\/\/asv-botnang.de\/turnen-tanzen-gymnastik\/wp-json\/wp\/v2\/pages\/1871\/revisions\/2160"}],"wp:attachment":[{"href":"https:\/\/asv-botnang.de\/turnen-tanzen-gymnastik\/wp-json\/wp\/v2\/media?parent=1871"}],"curies":[{"name":"wp","href":"https:\/\/api.w.org\/{rel}","templated":true}]}}