{"id":1929,"date":"2022-09-14T09:24:24","date_gmt":"2022-09-14T09:24:24","guid":{"rendered":"http:\/\/asv-botnang.de\/turnen-tanzen-gymnastik\/?page_id=1929"},"modified":"2024-10-30T16:59:12","modified_gmt":"2024-10-30T16:59:12","slug":"rueckenfit","status":"publish","type":"page","link":"https:\/\/asv-botnang.de\/turnen-tanzen-gymnastik\/rueckenfit\/","title":{"rendered":"R\u00fcckenFit"},"content":{"rendered":"<div id=\"pl-1929\"  class=\"panel-layout\" ><div id=\"pg-1929-0\"  class=\"panel-grid panel-no-style\" ><div id=\"pgc-1929-0-0\"  class=\"panel-grid-cell\" ><div id=\"panel-1929-0-0-0\" class=\"so-panel widget widget_sow-editor panel-first-child panel-last-child\" data-index=\"0\" ><div\n\t\t\t\n\t\t\tclass=\"so-widget-sow-editor so-widget-sow-editor-base\"\n\t\t\t\n\t\t><h3 class=\"widget-title\">F\u00fcr Frauen und M\u00e4nner jeden Alters<\/h3>\n<div class=\"siteorigin-widget-tinymce textwidget\">\n\t<p>Ein effektives R\u00fcckentraining lindert bestehende Beschwerden, beugt Haltungssch\u00e4den und Schmerzen vor, kr\u00e4ftigt die R\u00fcckenmuskulatur, stabilisiert die Wirbels\u00e4ule, ist eine gute St\u00fctze f\u00fcr den Bewegungsapparat und andere Bereiche, bietet Ausgleich bei Verspannungen und schenkt Selbstvertrauen. Alle sind willkommen!<\/p>\n<h5>KURSZEITEN<\/h5>\n<p>Donnerstag: 9:30 - 10:30 Uhr<\/p>\n<p>Kursleiterin: Dorothea Geissler<br \/>\nOrt: Gymnastikhalle, Sportgel\u00e4nde des ASV Botnang.<\/p>\n<h5>ANMELDUNG UND KONTAKT<\/h5>\n<p>Anmeldung zum Saisonbeginn \u00fcber\u00a0<a href=\"https:\/\/joinsports.de\/page\/asv-botnang\/course-offerings\/\">https:\/\/joinsports.de\/page\/asv-botnang\/course-offerings\/<\/a><br \/>\nSchnupperstunde ist nach Absprache m\u00f6glich.<\/p>\n<p>Kontakt:<br \/>\nDorothea Geissler | dorothea@geissler.de<\/p>\n<h5>GEB\u00dcHREN<\/h5>\n<p>ASV Mitglieder: 36 \u20ac pro Saison<br \/>\nNichtmitglieder: 110 \u20ac pro Saison<\/p>\n<p>Keine Kurse w\u00e4hrend der Schulferien!<\/p>\n<\/div>\n<\/div><\/div><\/div><div id=\"pgc-1929-0-1\"  class=\"panel-grid-cell\" ><div id=\"panel-1929-0-1-0\" class=\"so-panel widget widget_sow-editor panel-first-child panel-last-child\" data-index=\"1\" ><div\n\t\t\t\n\t\t\tclass=\"so-widget-sow-editor so-widget-sow-editor-base\"\n\t\t\t\n\t\t>\n<div class=\"siteorigin-widget-tinymce textwidget\">\n\t<p><img decoding=\"async\" loading=\"lazy\" class=\"size-full wp-image-1424 aligncenter\" src=\"http:\/\/asv-botnang.de\/turnen-tanzen-gymnastik\/files\/2016\/05\/IMG-20160516-WA0002.jpg\" alt=\"IMG-20160516-WA0002\" width=\"1600\" height=\"1200\" srcset=\"https:\/\/asv-botnang.de\/turnen-tanzen-gymnastik\/files\/2016\/05\/IMG-20160516-WA0002.jpg 1600w, https:\/\/asv-botnang.de\/turnen-tanzen-gymnastik\/files\/2016\/05\/IMG-20160516-WA0002-300x225.jpg 300w, https:\/\/asv-botnang.de\/turnen-tanzen-gymnastik\/files\/2016\/05\/IMG-20160516-WA0002-768x576.jpg 768w, https:\/\/asv-botnang.de\/turnen-tanzen-gymnastik\/files\/2016\/05\/IMG-20160516-WA0002-1024x768.jpg 1024w\" sizes=\"(max-width: 1600px) 100vw, 1600px\" \/> <img decoding=\"async\" loading=\"lazy\" class=\"size-full wp-image-1426 aligncenter\" src=\"http:\/\/asv-botnang.de\/turnen-tanzen-gymnastik\/files\/2016\/05\/IMG-20160516-WA0001.jpg\" alt=\"IMG-20160516-WA0001\" width=\"1600\" height=\"1200\" srcset=\"https:\/\/asv-botnang.de\/turnen-tanzen-gymnastik\/files\/2016\/05\/IMG-20160516-WA0001.jpg 1600w, https:\/\/asv-botnang.de\/turnen-tanzen-gymnastik\/files\/2016\/05\/IMG-20160516-WA0001-300x225.jpg 300w, https:\/\/asv-botnang.de\/turnen-tanzen-gymnastik\/files\/2016\/05\/IMG-20160516-WA0001-768x576.jpg 768w, https:\/\/asv-botnang.de\/turnen-tanzen-gymnastik\/files\/2016\/05\/IMG-20160516-WA0001-1024x768.jpg 1024w\" sizes=\"(max-width: 1600px) 100vw, 1600px\" \/><img decoding=\"async\" loading=\"lazy\" class=\"size-full wp-image-1425 aligncenter\" src=\"http:\/\/asv-botnang.de\/turnen-tanzen-gymnastik\/files\/2016\/05\/IMG-20160516-WA0000.jpg\" alt=\"IMG-20160516-WA0000\" width=\"1600\" height=\"1200\" srcset=\"https:\/\/asv-botnang.de\/turnen-tanzen-gymnastik\/files\/2016\/05\/IMG-20160516-WA0000.jpg 1600w, https:\/\/asv-botnang.de\/turnen-tanzen-gymnastik\/files\/2016\/05\/IMG-20160516-WA0000-300x225.jpg 300w, https:\/\/asv-botnang.de\/turnen-tanzen-gymnastik\/files\/2016\/05\/IMG-20160516-WA0000-768x576.jpg 768w, https:\/\/asv-botnang.de\/turnen-tanzen-gymnastik\/files\/2016\/05\/IMG-20160516-WA0000-1024x768.jpg 1024w\" sizes=\"(max-width: 1600px) 100vw, 1600px\" \/><\/p>\n<\/div>\n<\/div><\/div><\/div><\/div><\/div>","protected":false},"excerpt":{"rendered":"<p>Ein effektives R\u00fcckentraining lindert bestehende Beschwerden, beugt Haltungssch\u00e4den und Schmerzen vor, kr\u00e4ftigt die R\u00fcckenmuskulatur, stabilisiert die Wirbels\u00e4ule, ist eine gute St\u00fctze f\u00fcr den Bewegungsapparat und andere Bereiche, bietet Ausgleich bei Verspannungen und schenkt Selbstvertrauen. Alle sind willkommen! KURSZEITEN Donnerstag: 9:30 &#8211; 10:30 Uhr Kursleiterin: Dorothea Geissler Ort: Gymnastikhalle, Sportgel\u00e4nde des ASV Botnang. ANMELDUNG UND KONTAKT &hellip; <a href=\"https:\/\/asv-botnang.de\/turnen-tanzen-gymnastik\/rueckenfit\/\" class=\"more-link\"><span class=\"screen-reader-text\">R\u00fcckenFit<\/span> weiterlesen <span class=\"meta-nav\">&rarr;<\/span><\/a><\/p>\n","protected":false},"author":40,"featured_media":0,"parent":0,"menu_order":0,"comment_status":"closed","ping_status":"closed","template":"","meta":[],"_links":{"self":[{"href":"https:\/\/asv-botnang.de\/turnen-tanzen-gymnastik\/wp-json\/wp\/v2\/pages\/1929"}],"collection":[{"href":"https:\/\/asv-botnang.de\/turnen-tanzen-gymnastik\/wp-json\/wp\/v2\/pages"}],"about":[{"href":"https:\/\/asv-botnang.de\/turnen-tanzen-gymnastik\/wp-json\/wp\/v2\/types\/page"}],"author":[{"embeddable":true,"href":"https:\/\/asv-botnang.de\/turnen-tanzen-gymnastik\/wp-json\/wp\/v2\/users\/40"}],"replies":[{"embeddable":true,"href":"https:\/\/asv-botnang.de\/turnen-tanzen-gymnastik\/wp-json\/wp\/v2\/comments?post=1929"}],"version-history":[{"count":9,"href":"https:\/\/asv-botnang.de\/turnen-tanzen-gymnastik\/wp-json\/wp\/v2\/pages\/1929\/revisions"}],"predecessor-version":[{"id":2153,"href":"https:\/\/asv-botnang.de\/turnen-tanzen-gymnastik\/wp-json\/wp\/v2\/pages\/1929\/revisions\/2153"}],"wp:attachment":[{"href":"https:\/\/asv-botnang.de\/turnen-tanzen-gymnastik\/wp-json\/wp\/v2\/media?parent=1929"}],"curies":[{"name":"wp","href":"https:\/\/api.w.org\/{rel}","templated":true}]}}