{"id":24,"date":"2011-10-29T08:35:14","date_gmt":"2011-10-29T08:35:14","guid":{"rendered":"http:\/\/asv-botnang.de\/turnen-tanzen-gymnastik\/?page_id=24"},"modified":"2024-09-26T10:28:46","modified_gmt":"2024-09-26T10:28:46","slug":"g-u-t","status":"publish","type":"page","link":"https:\/\/asv-botnang.de\/turnen-tanzen-gymnastik\/g-u-t\/","title":{"rendered":"BKK (Bewegung, Koordination, Kondition)"},"content":{"rendered":"<div id=\"pl-24\"  class=\"panel-layout\" ><div id=\"pg-24-0\"  class=\"panel-grid panel-no-style\" ><div id=\"pgc-24-0-0\"  class=\"panel-grid-cell panel-grid-cell-mobile-last\" ><div id=\"panel-24-0-0-0\" class=\"so-panel widget widget_sow-editor panel-first-child panel-last-child\" data-index=\"0\" ><div\n\t\t\t\n\t\t\tclass=\"so-widget-sow-editor so-widget-sow-editor-base\"\n\t\t\t\n\t\t>\n<div class=\"siteorigin-widget-tinymce textwidget\">\n\t<p>Dieser Kurs richtet sich an Frauen und M\u00e4nner ab 40 Jahren, die fit bleiben m\u00f6chten.<br \/>\nDas wird durch ein abgestimmtes Training aus Muskelaufbau, Gleichgewichts- und Koordinations\u00fcbungen und Ausdauertraining erreicht.<\/p>\n<h5>KURSZEITEN<\/h5>\n<p>Mittwoch 19:15 - 20:15 Uhr<\/p>\n<p>Kursleitung: Birgit Berner und Siegfried Krauter<br \/>\nOrt: Gymnastikhalle, Sportgel\u00e4nde des ASV Botnang<\/p>\n<h5>ANMELDUNG UND KONTAKT<\/h5>\n<p>keine Anmeldung n\u00f6tig<\/p>\n<p>Kontakt:<br \/>\nSiegfried Krauter<br \/>\n0711\/69 81 36 - siegfried.krauter@t-online.de<\/p>\n<h5>GEB\u00dcHREN<\/h5>\n<p>kostenloses Angebot nur f\u00fcr ASV Mitglieder<\/p>\n<\/div>\n<\/div><\/div><\/div><div id=\"pgc-24-0-1\"  class=\"panel-grid-cell panel-grid-cell-empty\" ><\/div><\/div><\/div>","protected":false},"excerpt":{"rendered":"<p>Dieser Kurs richtet sich an Frauen und M\u00e4nner ab 40 Jahren, die fit bleiben m\u00f6chten. Das wird durch ein abgestimmtes Training aus Muskelaufbau, Gleichgewichts- und Koordinations\u00fcbungen und Ausdauertraining erreicht. KURSZEITEN Mittwoch 19:15 &#8211; 20:15 Uhr Kursleitung: Birgit Berner und Siegfried Krauter Ort: Gymnastikhalle, Sportgel\u00e4nde des ASV Botnang ANMELDUNG UND KONTAKT keine Anmeldung n\u00f6tig Kontakt: Siegfried &hellip; <a href=\"https:\/\/asv-botnang.de\/turnen-tanzen-gymnastik\/g-u-t\/\" class=\"more-link\"><span class=\"screen-reader-text\">BKK (Bewegung, Koordination, Kondition)<\/span> weiterlesen <span class=\"meta-nav\">&rarr;<\/span><\/a><\/p>\n","protected":false},"author":6,"featured_media":0,"parent":0,"menu_order":0,"comment_status":"open","ping_status":"open","template":"","meta":[],"_links":{"self":[{"href":"https:\/\/asv-botnang.de\/turnen-tanzen-gymnastik\/wp-json\/wp\/v2\/pages\/24"}],"collection":[{"href":"https:\/\/asv-botnang.de\/turnen-tanzen-gymnastik\/wp-json\/wp\/v2\/pages"}],"about":[{"href":"https:\/\/asv-botnang.de\/turnen-tanzen-gymnastik\/wp-json\/wp\/v2\/types\/page"}],"author":[{"embeddable":true,"href":"https:\/\/asv-botnang.de\/turnen-tanzen-gymnastik\/wp-json\/wp\/v2\/users\/6"}],"replies":[{"embeddable":true,"href":"https:\/\/asv-botnang.de\/turnen-tanzen-gymnastik\/wp-json\/wp\/v2\/comments?post=24"}],"version-history":[{"count":36,"href":"https:\/\/asv-botnang.de\/turnen-tanzen-gymnastik\/wp-json\/wp\/v2\/pages\/24\/revisions"}],"predecessor-version":[{"id":2093,"href":"https:\/\/asv-botnang.de\/turnen-tanzen-gymnastik\/wp-json\/wp\/v2\/pages\/24\/revisions\/2093"}],"wp:attachment":[{"href":"https:\/\/asv-botnang.de\/turnen-tanzen-gymnastik\/wp-json\/wp\/v2\/media?parent=24"}],"curies":[{"name":"wp","href":"https:\/\/api.w.org\/{rel}","templated":true}]}}