{"id":405,"date":"2012-08-10T06:20:33","date_gmt":"2012-08-10T06:20:33","guid":{"rendered":"http:\/\/asv-botnang.de\/turnen-tanzen-gymnastik\/?page_id=405"},"modified":"2025-12-04T13:49:00","modified_gmt":"2025-12-04T13:49:00","slug":"kleinkindturnen","status":"publish","type":"page","link":"https:\/\/asv-botnang.de\/turnen-tanzen-gymnastik\/kleinkindturnen\/","title":{"rendered":"Kleinkindturnen"},"content":{"rendered":"<p>Kleinkindturnen bedeutet die fr\u00fchkindliche Motorikf\u00f6rderung f\u00fcr unseren Kleinsten (etwa 1 bis 2,5 Jahren).\u00a0\u00a0Dabei muss Ihr Kind das Laufen noch nicht beherrschen. An verschiedenen Parcours, Elementen und mit Materialien k\u00f6nnen die Kinder Bewegungserfahrungen\u00a0sammeln und ihre motorischen F\u00e4higkeiten ausprobieren und vertiefen. Die Kinder werden von einem Elternteil\/einer Bezugsperson begleitet und jederzeit\u00a0durch die Kursleitung unterst\u00fctzt. Wir singen mit den Kindern singen und f\u00fchren altersgerechte\u00a0Bewegungsspiele durch. Erste Kontaktaufnahmen zu anderen Gleichaltrigen sind ebenso von gro\u00dfer Bedeutung. Herzliche Einladung an junge Familien!<\/p>\n<h5>KURSZEITEN<\/h5>\n<p>Freitag: 9:15 &#8211; 10:45 Uhr<\/p>\n<p>Kurleiter: Julian Irmisch<br \/>\nOrt: Sporthalle, Sportgel\u00e4nde des ASV Botnang<\/p>\n<h5>ANMELDUNG UND KONTAKT<\/h5>\n<p>Anmeldung \u00fcber\u00a0<a href=\"https:\/\/joinsports.de\/page\/asv-botnang\/course-offerings\/\">https:\/\/joinsports.de\/page\/asv-botnang\/course-offerings\/<\/a><br \/>\nSchnupperstunde ist nach Absprache m\u00f6glich.<\/p>\n<p>Kontakt:<br \/>\nJulian Irmisch<br \/>\ninfo@asv-botnang.de<\/p>\n<h5>GEB\u00dcHREN<\/h5>\n<p>ASV Mitglieder: 30 \u20ac pro Saison<br \/>\nNichtmitglieder: 80 \u20ac pro Saison<\/p>\n<p>Bonus- und Familienkarten werden bei uns akzeptiert.<\/p>\n<p>Keine Kurse w\u00e4hrend der Schulferien!<\/p>\n<p><strong>\u00a0\u00a0\u00a0<\/strong><\/p>\n<p>&nbsp;<\/p>\n","protected":false},"excerpt":{"rendered":"<p>Kleinkindturnen bedeutet die fr\u00fchkindliche Motorikf\u00f6rderung f\u00fcr unseren Kleinsten (etwa 1 bis 2,5 Jahren).\u00a0\u00a0Dabei muss Ihr Kind das Laufen noch nicht beherrschen. An verschiedenen Parcours, Elementen und mit Materialien k\u00f6nnen die Kinder Bewegungserfahrungen\u00a0sammeln und ihre motorischen F\u00e4higkeiten ausprobieren und vertiefen. Die Kinder werden von einem Elternteil\/einer Bezugsperson begleitet und jederzeit\u00a0durch die Kursleitung unterst\u00fctzt. Wir singen mit &hellip; <a href=\"https:\/\/asv-botnang.de\/turnen-tanzen-gymnastik\/kleinkindturnen\/\" class=\"more-link\"><span class=\"screen-reader-text\">Kleinkindturnen<\/span> weiterlesen <span class=\"meta-nav\">&rarr;<\/span><\/a><\/p>\n","protected":false},"author":45,"featured_media":0,"parent":0,"menu_order":0,"comment_status":"open","ping_status":"open","template":"","meta":[],"_links":{"self":[{"href":"https:\/\/asv-botnang.de\/turnen-tanzen-gymnastik\/wp-json\/wp\/v2\/pages\/405"}],"collection":[{"href":"https:\/\/asv-botnang.de\/turnen-tanzen-gymnastik\/wp-json\/wp\/v2\/pages"}],"about":[{"href":"https:\/\/asv-botnang.de\/turnen-tanzen-gymnastik\/wp-json\/wp\/v2\/types\/page"}],"author":[{"embeddable":true,"href":"https:\/\/asv-botnang.de\/turnen-tanzen-gymnastik\/wp-json\/wp\/v2\/users\/45"}],"replies":[{"embeddable":true,"href":"https:\/\/asv-botnang.de\/turnen-tanzen-gymnastik\/wp-json\/wp\/v2\/comments?post=405"}],"version-history":[{"count":61,"href":"https:\/\/asv-botnang.de\/turnen-tanzen-gymnastik\/wp-json\/wp\/v2\/pages\/405\/revisions"}],"predecessor-version":[{"id":1744,"href":"https:\/\/asv-botnang.de\/turnen-tanzen-gymnastik\/wp-json\/wp\/v2\/pages\/405\/revisions\/1744"}],"wp:attachment":[{"href":"https:\/\/asv-botnang.de\/turnen-tanzen-gymnastik\/wp-json\/wp\/v2\/media?parent=405"}],"curies":[{"name":"wp","href":"https:\/\/api.w.org\/{rel}","templated":true}]}}