{"id":47,"date":"2011-10-29T08:42:08","date_gmt":"2011-10-29T08:42:08","guid":{"rendered":"http:\/\/asv-botnang.de\/turnen-tanzen-gymnastik\/?page_id=47"},"modified":"2025-12-04T13:50:24","modified_gmt":"2025-12-04T13:50:24","slug":"tanzen","status":"publish","type":"page","link":"https:\/\/asv-botnang.de\/turnen-tanzen-gymnastik\/tanzen\/","title":{"rendered":"Unser Tanzangebot"},"content":{"rendered":"<div id=\"pl-47\"  class=\"panel-layout\" ><div id=\"pg-47-0\"  class=\"panel-grid panel-no-style\" ><div id=\"pgc-47-0-0\"  class=\"panel-grid-cell\" ><div id=\"panel-47-0-0-0\" class=\"so-panel widget widget_sow-editor panel-first-child panel-last-child\" data-index=\"0\" ><div\n\t\t\t\n\t\t\tclass=\"so-widget-sow-editor so-widget-sow-editor-base\"\n\t\t\t\n\t\t>\n<div class=\"siteorigin-widget-tinymce textwidget\">\n\t<p>Kreativer Kindertanz geeignet f\u00fcr die Altersgruppe ab 4\/5 Jahren - fr\u00f6hlich und bunt ! Die regelm\u00e4\u00dfige Teilnahme f\u00f6rdert die ganzheitliche Entwicklung des K\u00f6rpers und der Sinne, verbessert Rhythmus-Gef\u00fchl und r\u00e4umliche Wahrnehmung , st\u00e4rkt die Muskulatur, f\u00f6rdert die koordinativen F\u00e4higkeiten, entwickelt soziale Kompetenzen und schenkt Selbstvertrauen. Rhythmus sp\u00fcren, unterschiedliche Musikstile kennen lernen, mit dem ganzen K\u00f6rper Emotionen ausdrucken und Geschichten erz\u00e4hlen. In dieser Altersstufe sind die Schritt-Kombinationen m\u00f6glich, erste Formationen werden einge\u00fcbt und zum Ende des Halbjahrs auf Wunsch aufgef\u00fchrt.<\/p>\n<p>Bitte sorgen Sie f\u00fcr bequeme Sportkleidung und Gymnastikschuhe f\u00fcr Ihr Kind. Kein Schmuck und keine offenen langen Haare!<\/p>\n<h5>KURSZEITEN<\/h5>\n<p>Dienstag: 17:30 - 18:15 Uhr<\/p>\n<p>Kursleiterin: Hannah Marie Rauh<br \/>\nOrt: Gymnastikhalle, Sportgel\u00e4nde des ASV Botnang<\/p>\n<h5>ANMELDUNG UND KONTAKT<\/h5>\n<p>Anmeldung \u00fcber\u00a0https:\/\/joinsports.de\/page\/asv-botnang\/course-offerings\/<br \/>\nSchnupperstunde ist nach Absprache m\u00f6glich.<\/p>\n<p>Kontakt: Sven.Hirth@asv-botnang.de<\/p>\n<h5>GEB\u00dcHREN<\/h5>\n<p>ASV Mitglieder: 30 \u20ac pro Saison<br \/>\nNichtmitglieder: 80 \u20ac pro Saison<\/p>\n<p>Bonus- und Familienkarten werden bei uns akzeptiert.<\/p>\n<p>Keine Kurse w\u00e4hrend der Schulferien.<\/p>\n<\/div>\n<\/div><\/div><\/div><div id=\"pgc-47-0-1\"  class=\"panel-grid-cell\" ><div id=\"panel-47-0-1-0\" class=\"so-panel widget widget_sow-editor panel-first-child panel-last-child\" data-index=\"1\" ><div\n\t\t\t\n\t\t\tclass=\"so-widget-sow-editor so-widget-sow-editor-base\"\n\t\t\t\n\t\t>\n<div class=\"siteorigin-widget-tinymce textwidget\">\n\t<p style=\"text-align: center\"><em><strong><span style=\"color: #000080\">Ein Tanz verleiht den Noten Beine.<\/span><\/strong><\/em><\/p>\n<p style=\"text-align: center\"><em>Wer tanzt bewegt sich auch leichter durch Leben<\/em><br \/> <em> und lernt seinen K\u00f6rper besser kennen.<\/em><br \/> <em> Tanzen kann eigentlich jeder!<\/em><\/p>\n<p><img decoding=\"async\" loading=\"lazy\" class=\"size-full wp-image-562 aligncenter\" src=\"http:\/\/asv-botnang.de\/turnen-tanzen-gymnastik\/files\/2013\/02\/IMG_1136.jpg\" alt=\"Tanzm\u00e4use1 Sommerfest_a\" width=\"1000\" height=\"666\" srcset=\"https:\/\/asv-botnang.de\/turnen-tanzen-gymnastik\/files\/2013\/02\/IMG_1136.jpg 1000w, https:\/\/asv-botnang.de\/turnen-tanzen-gymnastik\/files\/2013\/02\/IMG_1136-300x199.jpg 300w\" sizes=\"(max-width: 1000px) 100vw, 1000px\" \/><em><strong><span style=\"color: #000080\"><img decoding=\"async\" loading=\"lazy\" class=\"size-full wp-image-1386 aligncenter\" src=\"http:\/\/asv-botnang.de\/turnen-tanzen-gymnastik\/files\/2016\/05\/Foto-STB-Cup-Dance-2015-2.jpg\" alt=\"Foto STB-Cup Dance 2015-2\" width=\"706\" height=\"455\" srcset=\"https:\/\/asv-botnang.de\/turnen-tanzen-gymnastik\/files\/2016\/05\/Foto-STB-Cup-Dance-2015-2.jpg 706w, https:\/\/asv-botnang.de\/turnen-tanzen-gymnastik\/files\/2016\/05\/Foto-STB-Cup-Dance-2015-2-300x193.jpg 300w\" sizes=\"(max-width: 706px) 100vw, 706px\" \/><\/span><\/strong><\/em><\/p>\n<\/div>\n<\/div><\/div><\/div><\/div><\/div>","protected":false},"excerpt":{"rendered":"<p>Kreativer Kindertanz geeignet f\u00fcr die Altersgruppe ab 4\/5 Jahren &#8211; fr\u00f6hlich und bunt ! Die regelm\u00e4\u00dfige Teilnahme f\u00f6rdert die ganzheitliche Entwicklung des K\u00f6rpers und der Sinne, verbessert Rhythmus-Gef\u00fchl und r\u00e4umliche Wahrnehmung , st\u00e4rkt die Muskulatur, f\u00f6rdert die koordinativen F\u00e4higkeiten, entwickelt soziale Kompetenzen und schenkt Selbstvertrauen. Rhythmus sp\u00fcren, unterschiedliche Musikstile kennen lernen, mit dem ganzen K\u00f6rper &hellip; <a href=\"https:\/\/asv-botnang.de\/turnen-tanzen-gymnastik\/tanzen\/\" class=\"more-link\"><span class=\"screen-reader-text\">Unser Tanzangebot<\/span> weiterlesen <span class=\"meta-nav\">&rarr;<\/span><\/a><\/p>\n","protected":false},"author":45,"featured_media":0,"parent":0,"menu_order":0,"comment_status":"open","ping_status":"open","template":"","meta":[],"_links":{"self":[{"href":"https:\/\/asv-botnang.de\/turnen-tanzen-gymnastik\/wp-json\/wp\/v2\/pages\/47"}],"collection":[{"href":"https:\/\/asv-botnang.de\/turnen-tanzen-gymnastik\/wp-json\/wp\/v2\/pages"}],"about":[{"href":"https:\/\/asv-botnang.de\/turnen-tanzen-gymnastik\/wp-json\/wp\/v2\/types\/page"}],"author":[{"embeddable":true,"href":"https:\/\/asv-botnang.de\/turnen-tanzen-gymnastik\/wp-json\/wp\/v2\/users\/45"}],"replies":[{"embeddable":true,"href":"https:\/\/asv-botnang.de\/turnen-tanzen-gymnastik\/wp-json\/wp\/v2\/comments?post=47"}],"version-history":[{"count":106,"href":"https:\/\/asv-botnang.de\/turnen-tanzen-gymnastik\/wp-json\/wp\/v2\/pages\/47\/revisions"}],"predecessor-version":[{"id":2169,"href":"https:\/\/asv-botnang.de\/turnen-tanzen-gymnastik\/wp-json\/wp\/v2\/pages\/47\/revisions\/2169"}],"wp:attachment":[{"href":"https:\/\/asv-botnang.de\/turnen-tanzen-gymnastik\/wp-json\/wp\/v2\/media?parent=47"}],"curies":[{"name":"wp","href":"https:\/\/api.w.org\/{rel}","templated":true}]}}