{"id":199,"date":"2012-05-16T18:30:06","date_gmt":"2012-05-16T16:30:06","guid":{"rendered":"http:\/\/asv-botnang.de\/volleyball\/?page_id=199"},"modified":"2025-05-15T16:23:53","modified_gmt":"2025-05-15T14:23:53","slug":"hallo-und-herzlich-willkommen-bei-den-asv-volleyballern","status":"publish","type":"page","link":"https:\/\/asv-botnang.de\/volleyball\/","title":{"rendered":"Herzlich willkommen bei der Volleyball&shy;abteilung"},"content":{"rendered":"<div id=\"pl-199\"  class=\"panel-layout\" ><div id=\"pg-199-0\"  class=\"panel-grid panel-no-style\" ><div id=\"pgc-199-0-0\"  class=\"panel-grid-cell\" ><div id=\"panel-199-0-0-0\" class=\"so-panel widget widget_sow-editor panel-first-child panel-last-child\" data-index=\"0\" ><div\n\t\t\t\n\t\t\tclass=\"so-widget-sow-editor so-widget-sow-editor-base\"\n\t\t\t\n\t\t>\n<div class=\"siteorigin-widget-tinymce textwidget\">\n\t<p><span style=\"font-family: Arial, serif\"><span style=\"font-size: small\">Liebe Volleyball-Fans,<\/span><\/span><\/p>\n<p><span style=\"font-family: Arial, serif\"><span style=\"font-size: small\">als neue Abteilungsleiterin begr\u00fc\u00dfe ich euch ganz herzlich zur Volleyball-Saison 2023\/2024.<\/span><\/span><\/p>\n<p><span style=\"font-family: Arial, serif\"><span style=\"font-size: small\"><b>Mit der vergangenen Saison blicken wir auf die erfolgreichste aller Zeiten seit unserer nunmehr 25-j\u00e4hrigen Abteilungsgeschichte zur\u00fcck. <\/b><\/span><\/span><\/p>\n<p><span style=\"font-family: Arial, serif\"><span style=\"font-size: small\">Herren 1 gelang es nicht nur, ihren Platz in der dritten Liga zu halten, sondern sie haben sich bis auf den zweiten Tabellenplatz gek\u00e4mpft. Eine neue Bestleistung, die zeigt, was Teamgeist und Flei\u00df m\u00f6glich machen k\u00f6nnen. \u00dcber diesen ph\u00e4nomenalen Saisonabschluss sind wir besonders stolz. Aber nicht nur H1 wei\u00df, wie Volleyball gespielt wird, auch die Mannschaften Damen 2 und Damen 3 verabschieden sich aus der B-Klasse und treten in dieser Saison eine Ebene h\u00f6her an.<\/span><\/span><\/p>\n<p><span style=\"font-family: Arial, serif\"><span style=\"font-size: small\"><b>Wie im letzten Jahr werden wir vier Herrenmannschaften in den aktiven Spielbetrieb schicken.<\/b><\/span><\/span><\/p>\n<p><span style=\"font-family: Arial, serif\"><span style=\"font-size: small\">Bei H1 bleiben das Trainerteam mit Frank Schau und M.-Oliver Mestmacher sowie das Team abgesehen von wenigen Zu- und Abg\u00e4ngen unver\u00e4ndert. Das Saisonziel hier: M\u00f6glichst viele Spiele gewinnen. Mal schauen, ob es dann n\u00e4chstes Jahr in die zweite Bundesliga gehen wird!<\/span><\/span><\/p>\n<p><span style=\"font-family: Arial, serif\"><span style=\"font-size: small\">Herren 2 geht diese Saison erneut mit Chris Copf als Trainer in die Spieltage der Verbandsliga und will sich in der oberen Tabellenh\u00e4lfte wiederfinden. Hier gab es einige personelle \u00c4nderungen, da die Mannschaften Herren 2 und 3 sich neu gemischt und gefunden haben. Unsere dritte Herrenmannschaft wird diese Saison von ASV-Urgestein Gerrit Feifel trainiert und tritt nach einer sehr guten Leistung weiterhin in der Landesliga an.<\/span><\/span><\/p>\n<p><span style=\"font-family: Arial, serif\"><span style=\"font-size: small\">Herren 4 konnte nach dem Aufstieg die A-Klasse (nun Bezirksliga) souver\u00e4n halten und wird dieses Jahr mit der bekannten Motivation auf den Platz gehen.<\/span><\/span><\/p>\n<p><span style=\"font-family: Arial, serif\"><span style=\"font-size: small\"><b>Im Damenbereich wurden dieses Jahr drei Teams zum Spielbetrieb gemeldet. <\/b><\/span><\/span><\/p>\n<p><span style=\"font-family: Arial, serif\"><span style=\"font-size: small\">Die Damen 1 hatten nach dem sehr ungl\u00fccklichen Abstieg in die Landesliga (ehem. Bezirksliga) ein paar schmerzhafte Abg\u00e4nge zu verbuchen. Mit dem neuen Trainer Nick Schulz und etwas Verst\u00e4rkung aus dem vereinsinternen Kader wird hier das Projekt Wiederaufstieg angegangen.<\/span><\/span><\/p>\n<p><span style=\"font-family: Arial, serif\"><span style=\"font-size: small\">Sowohl Damen 2 als auch Damen 3 haben sich letztes Jahr erfolgreich aus der Kreisliga verabschiedet und treten nun in zwei verschiedenen Bezirksligen an. Mit Lukas Beckebans als Coach der Damen 2 und Thorsten Zell f\u00fcr Damen 3 konnte die wichtige Trainer-Konstanz geschaffen werden, die die Damen brauchen, um sich in den neuen Ligen zu etablieren. <\/span><\/span><\/p>\n<p><span style=\"font-family: Arial, serif\"><span style=\"font-size: small\">Die Keiler scharren mit den Hufen und freuen sich auf die neue Saison mit vielen spannenden Spielen. Ich w\u00fcnsche allen Mannschaften viel Erfolg bei ihren sportlichen Zielen und eine verletzungsfreie Spielzeit.<\/span><\/span><\/p>\n<p><span style=\"font-family: Arial, serif\"><span style=\"font-size: small\"><b>\u00dcber zahlreiche Zuschauer in der Festung BSH freuen sich die Teams. Wir bedanken uns schon jetzt bei allen Unterst\u00fctzern, sei es finanziell oder durch ehrenamtliche Arbeitseins\u00e4tze an den Spieltagen als Helfer oder Fan. <\/b><\/span><\/span><\/p>\n<p><span style=\"font-family: Arial, serif\"><span style=\"font-size: small\">Vanessa F\u00fcrst<\/span><\/span><\/p>\n<p><span style=\"font-family: Arial, serif\"><span style=\"font-size: small\">Abteilungsleitung Volleyball<\/span><\/span><\/p>\n<\/div>\n<\/div><\/div><\/div><\/div><div id=\"pg-199-1\"  class=\"panel-grid panel-no-style\" ><div id=\"pgc-199-1-0\"  class=\"panel-grid-cell\" ><div id=\"panel-199-1-0-0\" class=\"so-panel widget widget_sow-editor panel-first-child\" data-index=\"1\" ><div\n\t\t\t\n\t\t\tclass=\"so-widget-sow-editor so-widget-sow-editor-base\"\n\t\t\t\n\t\t><h3 class=\"widget-title\">Unsere Partner<\/h3>\n<div class=\"siteorigin-widget-tinymce textwidget\">\n\t<table style=\"width: 106.284%; height: 315px;\">\n<tbody>\n<tr style=\"height: 204px;\">\n<td style=\"text-align: center; height: 163px; width: 88.2565%;\" colspan=\"3\"><img decoding=\"async\" loading=\"lazy\" class=\"wp-image-1248 aligncenter\" src=\"http:\/\/asv-botnang.de\/volleyball\/files\/2012\/05\/Oechsner-Apotheken-1024x272.jpg\" alt=\"\" width=\"520\" height=\"138\" srcset=\"https:\/\/asv-botnang.de\/volleyball\/files\/2012\/05\/Oechsner-Apotheken-1024x272.jpg 1024w, https:\/\/asv-botnang.de\/volleyball\/files\/2012\/05\/Oechsner-Apotheken-300x80.jpg 300w, https:\/\/asv-botnang.de\/volleyball\/files\/2012\/05\/Oechsner-Apotheken-768x204.jpg 768w, https:\/\/asv-botnang.de\/volleyball\/files\/2012\/05\/Oechsner-Apotheken.jpg 1206w\" sizes=\"(max-width: 520px) 100vw, 520px\" \/><\/td>\n<\/tr>\n<tr style=\"height: 118px;\">\n<td style=\"text-align: center; width: 28.0726%; height: 103px;\"><img decoding=\"async\" loading=\"lazy\" class=\" wp-image-1253 aligncenter\" src=\"http:\/\/asv-botnang.de\/volleyball\/files\/2012\/05\/kr\u00e4chan.jpg\" alt=\"\" width=\"161\" height=\"80\" \/><\/td>\n<td style=\"text-align: center; width: 30.3196%; height: 103px;\"><img decoding=\"async\" loading=\"lazy\" class=\" wp-image-1253 aligncenter\" src=\"http:\/\/asv-botnang.de\/volleyball\/files\/2018\/01\/lotto.png\" alt=\"\" width=\"173\" height=\"91\" \/><\/td>\n<td style=\"text-align: center; width: 29.8643%; height: 103px;\"><img decoding=\"async\" loading=\"lazy\" class=\" wp-image-1253 aligncenter\" src=\"http:\/\/asv-botnang.de\/volleyball\/files\/2018\/01\/muenster.png\" alt=\"\" width=\"182\" height=\"62\" \/><\/td>\n<\/tr>\n<tr style=\"height: 103px;\">\n<td style=\"text-align: center; width: 28.0726%; height: 49px;\"><img decoding=\"async\" loading=\"lazy\" class=\"wp-image-1253 alignnone\" src=\"http:\/\/asv-botnang.de\/volleyball\/files\/2018\/01\/schwank.png\" alt=\"\" width=\"237\" height=\"96\" \/><\/td>\n<td style=\"text-align: center; width: 30.3196%; height: 49px;\"><img decoding=\"async\" loading=\"lazy\" class=\"wp-image-2904 alignnone\" src=\"http:\/\/asv-botnang.de\/volleyball\/files\/2022\/10\/ebootis-logo.png\" alt=\"\" width=\"168\" height=\"101\" srcset=\"https:\/\/asv-botnang.de\/volleyball\/files\/2022\/10\/ebootis-logo.png 500w, https:\/\/asv-botnang.de\/volleyball\/files\/2022\/10\/ebootis-logo-300x180.png 300w\" sizes=\"(max-width: 168px) 100vw, 168px\" \/><\/td>\n<td style=\"text-align: center; width: 29.8643%; height: 49px;\"><img decoding=\"async\" loading=\"lazy\" class=\"alignnone size-full wp-image-3079\" src=\"http:\/\/asv-botnang.de\/volleyball\/files\/2022\/11\/LOGO-ERREA-e1508491110814.jpg\" alt=\"\" width=\"180\" height=\"39\" srcset=\"https:\/\/asv-botnang.de\/volleyball\/files\/2022\/11\/LOGO-ERREA-e1508491110814.jpg 1000w, https:\/\/asv-botnang.de\/volleyball\/files\/2022\/11\/LOGO-ERREA-e1508491110814-300x65.jpg 300w, https:\/\/asv-botnang.de\/volleyball\/files\/2022\/11\/LOGO-ERREA-e1508491110814-768x167.jpg 768w\" sizes=\"(max-width: 180px) 100vw, 180px\" \/><\/td>\n<\/tr>\n<tr>\n<td style=\"text-align: center; width: 28.0726%;\"><img decoding=\"async\" loading=\"lazy\" class=\"alignnone size-full wp-image-3295\" src=\"http:\/\/asv-botnang.de\/volleyball\/files\/2025\/05\/SGZ_Logo_Copyrightgeschuetzt_2020_angepasst.jpg\" alt=\"\" width=\"175\" height=\"178\" \/><\/td>\n<td style=\"text-align: center; width: 30.3196%;\"><\/td>\n<td style=\"text-align: center; width: 29.8643%;\"><\/td>\n<\/tr>\n<\/tbody>\n<\/table>\n<\/div>\n<\/div><\/div><div id=\"panel-199-1-0-1\" class=\"so-panel widget widget_siteorigin-panels-postloop panel-last-child\" data-index=\"2\" ><h3 class=\"widget-title\">Aktuelles<\/h3>\n<article id=\"post-3316\" class=\"post-3316 post type-post status-publish format-standard hentry category-allgemein\">\n\t\n\t<header class=\"entry-header\">\n\t\t\t\t<div class=\"entry-meta\">\n\t\t\t<span class=\"cat-links\"><a href=\"https:\/\/asv-botnang.de\/volleyball\/aktuelles\/allgemein\/\" rel=\"category tag\">Allgemein<\/a><\/span>\n\t\t<\/div><!-- .entry-meta -->\n\t\t<h1 class=\"entry-title\"><a href=\"https:\/\/asv-botnang.de\/volleyball\/als-aufsteiger-an-die-tabellenspitze\/\" rel=\"bookmark\">Als Aufsteiger an die Tabellenspitze<\/a><\/h1>\n\t\t<div class=\"entry-meta\">\n\t\t\t<span class=\"post-format\">\n\t\t\t\t<a class=\"entry-format\" href=\"\">Kurzmitteilung<\/a>\n\t\t\t<\/span>\n\n\t\t\t<span class=\"entry-date\"><a href=\"https:\/\/asv-botnang.de\/volleyball\/als-aufsteiger-an-die-tabellenspitze\/\" rel=\"bookmark\"><time class=\"entry-date\" datetime=\"2025-10-27T22:04:36+01:00\">27. Oktober 2025<\/time><\/a><\/span> <span class=\"byline\"><span class=\"author vcard\"><a class=\"url fn n\" href=\"https:\/\/asv-botnang.de\/volleyball\/author\/rhoff\/\" rel=\"author\">rhoff<\/a><\/span><\/span>\n\t\t\t\n\t\t\t\t\t<\/div><!-- .entry-meta -->\n\t<\/header><!-- .entry-header -->\n\n\t<div class=\"entry-content\">\n\t\t<p>Mit einem klaren 3:0-Heimsieg (25:14, 25:13, 25:17) gegen die Barock Volleys MTV Ludwigsburg haben die First Ladies erneut drei Punkte in der Oberliga eingefahren. Das Spiel lief insgesamt sauber, wenn auch nicht immer ganz ausgeglichen. In den wichtigen Phasen zeigte das Team jedoch Nervenst\u00e4rke und behielt die Kontrolle. Vor heimischem Publikum war die Freude \u00fcber den souver\u00e4nen Auftritt und die n\u00e4chsten drei Punkte entsprechend gro\u00df.<\/p>\n\t<\/div><!-- .entry-content -->\n\n\t<\/article><!-- #post-## -->\n\n<article id=\"post-3314\" class=\"post-3314 post type-post status-publish format-standard hentry category-herren-1\">\n\t\n\t<header class=\"entry-header\">\n\t\t\t\t<div class=\"entry-meta\">\n\t\t\t<span class=\"cat-links\"><a href=\"https:\/\/asv-botnang.de\/volleyball\/aktuelles\/herren-1\/\" rel=\"category tag\">Herren 1<\/a><\/span>\n\t\t<\/div><!-- .entry-meta -->\n\t\t<h1 class=\"entry-title\"><a href=\"https:\/\/asv-botnang.de\/volleyball\/die-drittligakeiler-lassen-auswaerts-punkte-liegen\/\" rel=\"bookmark\">Die Drittligakeiler lassen ausw\u00e4rts Punkte liegen<\/a><\/h1>\n\t\t<div class=\"entry-meta\">\n\t\t\t<span class=\"post-format\">\n\t\t\t\t<a class=\"entry-format\" href=\"\">Kurzmitteilung<\/a>\n\t\t\t<\/span>\n\n\t\t\t<span class=\"entry-date\"><a href=\"https:\/\/asv-botnang.de\/volleyball\/die-drittligakeiler-lassen-auswaerts-punkte-liegen\/\" rel=\"bookmark\"><time class=\"entry-date\" datetime=\"2025-10-27T21:59:53+01:00\">27. Oktober 2025<\/time><\/a><\/span> <span class=\"byline\"><span class=\"author vcard\"><a class=\"url fn n\" href=\"https:\/\/asv-botnang.de\/volleyball\/author\/rhoff\/\" rel=\"author\">rhoff<\/a><\/span><\/span>\n\t\t\t\n\t\t\t\t\t<\/div><!-- .entry-meta -->\n\t<\/header><!-- .entry-header -->\n\n\t<div class=\"entry-content\">\n\t\t<p>Am Samstag, den 25. Oktober 2025, gastierten die Keiler des ASV Botnang beim USC Konstanz in der Sch\u00e4nzle-Sporthalle. In einem packenden Duell der Dritten Liga S\u00fcd lieferten sich beide Teams \u00fcber mehr als zwei Stunden ein intensives Kopf-an-Kopf-Rennen, das die Gastgeber am Ende hauchd\u00fcnn mit 3:2 (25:23, 17:25, 25:20, 23:25, 15:13) f\u00fcr sich entschieden. <a href=\"https:\/\/asv-botnang.de\/volleyball\/die-drittligakeiler-lassen-auswaerts-punkte-liegen\/#more-3314\" class=\"more-link\"><span class=\"screen-reader-text\">Die Drittligakeiler lassen ausw\u00e4rts Punkte liegen<\/span> weiterlesen <span class=\"meta-nav\">&rarr;<\/span><\/a><\/p>\n\t<\/div><!-- .entry-content -->\n\n\t<\/article><!-- #post-## -->\n\n<article id=\"post-3312\" class=\"post-3312 post type-post status-publish format-standard hentry category-damen\">\n\t\n\t<header class=\"entry-header\">\n\t\t\t\t<div class=\"entry-meta\">\n\t\t\t<span class=\"cat-links\"><a href=\"https:\/\/asv-botnang.de\/volleyball\/aktuelles\/damen\/\" rel=\"category tag\">Damen 1<\/a><\/span>\n\t\t<\/div><!-- .entry-meta -->\n\t\t<h1 class=\"entry-title\"><a href=\"https:\/\/asv-botnang.de\/volleyball\/gelungener-oberliga-einstand-fuer-die-first-ladies\/\" rel=\"bookmark\">Gelungener Oberliga-Einstand f\u00fcr die First Ladies<\/a><\/h1>\n\t\t<div class=\"entry-meta\">\n\t\t\t<span class=\"post-format\">\n\t\t\t\t<a class=\"entry-format\" href=\"\">Kurzmitteilung<\/a>\n\t\t\t<\/span>\n\n\t\t\t<span class=\"entry-date\"><a href=\"https:\/\/asv-botnang.de\/volleyball\/gelungener-oberliga-einstand-fuer-die-first-ladies\/\" rel=\"bookmark\"><time class=\"entry-date\" datetime=\"2025-10-15T18:05:57+02:00\">15. Oktober 2025<\/time><\/a><\/span> <span class=\"byline\"><span class=\"author vcard\"><a class=\"url fn n\" href=\"https:\/\/asv-botnang.de\/volleyball\/author\/rhoff\/\" rel=\"author\">rhoff<\/a><\/span><\/span>\n\t\t\t\n\t\t\t\t\t<\/div><!-- .entry-meta -->\n\t<\/header><!-- .entry-header -->\n\n\t<div class=\"entry-content\">\n\t\t<p>Mit einem souver\u00e4nen 3:0-Sieg (25:15, 25:20, 25:18) gegen den TSG Eislingen sind die First Ladies des ASV Botnang eindrucksvoll in die neue Oberligasaison gestartet. Nach dem Aufstieg pr\u00e4sentierte sich das Team mit frischer Verst\u00e4rkung auf den Positionen Zuspiel, Mittelblock und Libera stabil und fokussiert. Vor allem Abwehr und Block standen sicher und machten es den Gegnerinnen schwer, ins Spiel zu kommen. Angetrieben von einer gro\u00dfartigen Stimmung in der Halle spielte die Mannschaft mutig auf und belohnte sich mit einem perfekten Saisonauftakt.<\/p>\n\t<\/div><!-- .entry-content -->\n\n\t<\/article><!-- #post-## -->\n\n<article id=\"post-3310\" class=\"post-3310 post type-post status-publish format-standard hentry category-herren-1\">\n\t\n\t<header class=\"entry-header\">\n\t\t\t\t<div class=\"entry-meta\">\n\t\t\t<span class=\"cat-links\"><a href=\"https:\/\/asv-botnang.de\/volleyball\/aktuelles\/herren-1\/\" rel=\"category tag\">Herren 1<\/a><\/span>\n\t\t<\/div><!-- .entry-meta -->\n\t\t<h1 class=\"entry-title\"><a href=\"https:\/\/asv-botnang.de\/volleyball\/zweiter-heimsieg-im-zweiten-heimspiel\/\" rel=\"bookmark\">Zweiter Heimsieg im zweiten Heimspiel<\/a><\/h1>\n\t\t<div class=\"entry-meta\">\n\t\t\t<span class=\"post-format\">\n\t\t\t\t<a class=\"entry-format\" href=\"\">Kurzmitteilung<\/a>\n\t\t\t<\/span>\n\n\t\t\t<span class=\"entry-date\"><a href=\"https:\/\/asv-botnang.de\/volleyball\/zweiter-heimsieg-im-zweiten-heimspiel\/\" rel=\"bookmark\"><time class=\"entry-date\" datetime=\"2025-10-15T18:05:13+02:00\">15. Oktober 2025<\/time><\/a><\/span> <span class=\"byline\"><span class=\"author vcard\"><a class=\"url fn n\" href=\"https:\/\/asv-botnang.de\/volleyball\/author\/rhoff\/\" rel=\"author\">rhoff<\/a><\/span><\/span>\n\t\t\t\n\t\t\t\t\t<\/div><!-- .entry-meta -->\n\t<\/header><!-- .entry-header -->\n\n\t<div class=\"entry-content\">\n\t\t<p>Nach dem nervenaufreibenden F\u00fcnf-Satz-Krimi gegen Freiburg zeigte der ASV Botnang am Samstagabend in der heimischen Ballsporthalle eine eindrucksvolle Reaktion. Gegen den TV Waldgirmes lie\u00dfen die Keiler keine Zweifel an ihrer St\u00e4rke aufkommen und feierten einen souver\u00e4nen 3:0-Heimsieg (25:18, 25:12, 25:16). <a href=\"https:\/\/asv-botnang.de\/volleyball\/zweiter-heimsieg-im-zweiten-heimspiel\/#more-3310\" class=\"more-link\"><span class=\"screen-reader-text\">Zweiter Heimsieg im zweiten Heimspiel<\/span> weiterlesen <span class=\"meta-nav\">&rarr;<\/span><\/a><\/p>\n\t<\/div><!-- .entry-content -->\n\n\t<\/article><!-- #post-## -->\n\n<article id=\"post-3306\" class=\"post-3306 post type-post status-publish format-standard hentry category-herren-1\">\n\t\n\t<header class=\"entry-header\">\n\t\t\t\t<div class=\"entry-meta\">\n\t\t\t<span class=\"cat-links\"><a href=\"https:\/\/asv-botnang.de\/volleyball\/aktuelles\/herren-1\/\" rel=\"category tag\">Herren 1<\/a><\/span>\n\t\t<\/div><!-- .entry-meta -->\n\t\t<h1 class=\"entry-title\"><a href=\"https:\/\/asv-botnang.de\/volleyball\/asv-liefert-sich-ein-match-auf-augenhoehe-beim-vizemeister-der-vorsaison\/\" rel=\"bookmark\">ASV liefert sich ein Match auf Augenh\u00f6he beim Vizemeister der Vorsaison<\/a><\/h1>\n\t\t<div class=\"entry-meta\">\n\t\t\t<span class=\"post-format\">\n\t\t\t\t<a class=\"entry-format\" href=\"\">Kurzmitteilung<\/a>\n\t\t\t<\/span>\n\n\t\t\t<span class=\"entry-date\"><a href=\"https:\/\/asv-botnang.de\/volleyball\/asv-liefert-sich-ein-match-auf-augenhoehe-beim-vizemeister-der-vorsaison\/\" rel=\"bookmark\"><time class=\"entry-date\" datetime=\"2025-10-07T20:41:42+02:00\">7. Oktober 2025<\/time><\/a><\/span> <span class=\"byline\"><span class=\"author vcard\"><a class=\"url fn n\" href=\"https:\/\/asv-botnang.de\/volleyball\/author\/rhoff\/\" rel=\"author\">rhoff<\/a><\/span><\/span>\n\t\t\t\n\t\t\t\t\t<\/div><!-- .entry-meta -->\n\t<\/header><!-- .entry-header -->\n\n\t<div class=\"entry-content\">\n\t\t<p>In einem hochspannenden F\u00fcnf-Satz-Krimi setzte sich die Zweitvertretung der FT 1844 Freiburg am Samstagabend knapp mit 3:2 gegen den ASV Botnang durch. Beide Teams lieferten sich ein intensives Duell auf Augenh\u00f6he, das von starken Aufschlagserien, k\u00e4mpferischer Abwehrarbeit und wechselnden F\u00fchrungen gepr\u00e4gt war. <a href=\"https:\/\/asv-botnang.de\/volleyball\/asv-liefert-sich-ein-match-auf-augenhoehe-beim-vizemeister-der-vorsaison\/#more-3306\" class=\"more-link\"><span class=\"screen-reader-text\">ASV liefert sich ein Match auf Augenh\u00f6he beim Vizemeister der Vorsaison<\/span> weiterlesen <span class=\"meta-nav\">&rarr;<\/span><\/a><\/p>\n\t<\/div><!-- .entry-content -->\n\n\t<\/article><!-- #post-## -->\n<\/div><\/div><\/div><\/div>","protected":false},"excerpt":{"rendered":"<p>Liebe Volleyball-Fans, als neue Abteilungsleiterin begr\u00fc\u00dfe ich euch ganz herzlich zur Volleyball-Saison 2023\/2024. Mit der vergangenen Saison blicken wir auf die erfolgreichste aller Zeiten seit unserer nunmehr 25-j\u00e4hrigen Abteilungsgeschichte zur\u00fcck. Herren 1 gelang es nicht nur, ihren Platz in der dritten Liga zu halten, sondern sie haben sich bis auf den zweiten Tabellenplatz gek\u00e4mpft. Eine &hellip; <a href=\"https:\/\/asv-botnang.de\/volleyball\/asv-liefert-sich-ein-match-auf-augenhoehe-beim-vizemeister-der-vorsaison\/\" class=\"more-link\"><span class=\"screen-reader-text\">ASV liefert sich ein Match auf Augenh\u00f6he beim Vizemeister der Vorsaison<\/span> weiterlesen <span class=\"meta-nav\">&rarr;<\/span><\/a><\/p>\n","protected":false},"author":10,"featured_media":0,"parent":0,"menu_order":1,"comment_status":"open","ping_status":"open","template":"","meta":[],"_links":{"self":[{"href":"https:\/\/asv-botnang.de\/volleyball\/wp-json\/wp\/v2\/pages\/199"}],"collection":[{"href":"https:\/\/asv-botnang.de\/volleyball\/wp-json\/wp\/v2\/pages"}],"about":[{"href":"https:\/\/asv-botnang.de\/volleyball\/wp-json\/wp\/v2\/types\/page"}],"author":[{"embeddable":true,"href":"https:\/\/asv-botnang.de\/volleyball\/wp-json\/wp\/v2\/users\/10"}],"replies":[{"embeddable":true,"href":"https:\/\/asv-botnang.de\/volleyball\/wp-json\/wp\/v2\/comments?post=199"}],"version-history":[{"count":127,"href":"https:\/\/asv-botnang.de\/volleyball\/wp-json\/wp\/v2\/pages\/199\/revisions"}],"predecessor-version":[{"id":3297,"href":"https:\/\/asv-botnang.de\/volleyball\/wp-json\/wp\/v2\/pages\/199\/revisions\/3297"}],"wp:attachment":[{"href":"https:\/\/asv-botnang.de\/volleyball\/wp-json\/wp\/v2\/media?parent=199"}],"curies":[{"name":"wp","href":"https:\/\/api.w.org\/{rel}","templated":true}]}}