{"id":1991,"date":"2019-09-25T22:51:08","date_gmt":"2019-09-25T20:51:08","guid":{"rendered":"http:\/\/asv-botnang.de\/volleyball\/?page_id=1991"},"modified":"2022-11-07T15:10:16","modified_gmt":"2022-11-07T14:10:16","slug":"mannschaft-3","status":"publish","type":"page","link":"https:\/\/asv-botnang.de\/volleyball\/damen3\/mannschaft-3\/","title":{"rendered":"Mannschaft"},"content":{"rendered":"<div id=\"pl-1991\"  class=\"panel-layout\" ><div id=\"pg-1991-0\"  class=\"panel-grid panel-no-style\" ><div id=\"pgc-1991-0-0\"  class=\"panel-grid-cell\" ><div id=\"panel-1991-0-0-0\" class=\"so-panel widget widget_sow-editor panel-first-child panel-last-child\" data-index=\"0\" ><div\n\t\t\t\n\t\t\tclass=\"so-widget-sow-editor so-widget-sow-editor-base\"\n\t\t\t\n\t\t>\n<div class=\"siteorigin-widget-tinymce textwidget\">\n\t<p><img decoding=\"async\" src=\"http:\/\/asv-botnang.de\/volleyball\/files\/2022\/10\/Damen3.jpg\" alt=\"\" \/><\/p>\n<p><strong>Spielerinnen:<\/strong><\/p>\n<table style=\"height: 338px;width: 107.33%;border-color: #e3e3e3\" border=\"0\" cellpadding=\"3\">\n<thead>\n<tr style=\"font-weight: bold\">\n<td style=\"width: 13.2911%;height: 18px;border-color: #e3e3e3\">Nr.<\/td>\n<td style=\"width: 34.0875%;height: 18px;border-color: #e3e3e3\">Name<\/td>\n<td style=\"width: 18.806%;height: 18px;border-color: #e3e3e3\">Position<\/td>\n<td style=\"width: 23.4388%;height: 18px;border-color: #e3e3e3\">Gr\u00f6\u00dfe<\/td>\n<td style=\"width: 43.3085%;height: 18px;border-color: #e3e3e3\">Jahrgang<\/td>\n<\/tr>\n<\/thead>\n<tbody>\n<tr style=\"height: 36px\">\n<td style=\"width: 13.2911%;height: 36px;text-align: left;border-color: #e3e3e3\" align=\"right\">1<\/td>\n<td style=\"width: 34.0875%;height: 36px;text-align: left;border-color: #e3e3e3\">Lucy Armor<\/td>\n<td style=\"width: 18.806%;height: 36px;text-align: left;border-color: #e3e3e3\" align=\"right\">L<\/td>\n<td style=\"width: 23.4388%;height: 36px;text-align: left;border-color: #e3e3e3\">166 cm<\/td>\n<td style=\"width: 43.3085%;height: 36px;text-align: left;border-color: #e3e3e3\">2006<\/td>\n<\/tr>\n<tr style=\"height: 18px\">\n<td style=\"width: 13.2911%;height: 18px;text-align: left;border-color: #e3e3e3\" align=\"right\">13<\/td>\n<td style=\"width: 34.0875%;height: 18px;text-align: left;border-color: #e3e3e3\">Anna Josefiak<\/td>\n<td style=\"width: 18.806%;height: 18px;text-align: left;border-color: #e3e3e3\" align=\"right\">AA<\/td>\n<td style=\"width: 23.4388%;height: 18px;text-align: left;border-color: #e3e3e3\">168 cm<\/td>\n<td style=\"width: 43.3085%;height: 18px;text-align: left;border-color: #e3e3e3\">2005<\/td>\n<\/tr>\n<tr style=\"height: 18px\">\n<td style=\"width: 13.2911%;height: 18px;text-align: left;border-color: #e3e3e3\" align=\"right\">14<\/td>\n<td style=\"width: 34.0875%;height: 18px;text-align: left;border-color: #e3e3e3\">Viktoria L\u00fcbke<\/td>\n<td style=\"width: 18.806%;height: 18px;text-align: left;border-color: #e3e3e3\" align=\"right\">MB<\/td>\n<td style=\"width: 23.4388%;height: 18px;text-align: left;border-color: #e3e3e3\">174 cm<\/td>\n<td style=\"width: 43.3085%;height: 18px;text-align: left;border-color: #e3e3e3\">2006<\/td>\n<\/tr>\n<tr style=\"height: 18px\">\n<td style=\"width: 13.2911%;height: 18px;text-align: left;border-color: #e3e3e3\" align=\"right\">18<\/td>\n<td style=\"width: 34.0875%;height: 18px;text-align: left;border-color: #e3e3e3\">Ayla \u00d6zcan<\/td>\n<td style=\"width: 18.806%;height: 18px;text-align: left;border-color: #e3e3e3\" align=\"right\">AA<\/td>\n<td style=\"width: 23.4388%;height: 18px;text-align: left;border-color: #e3e3e3\" align=\"right\">173 cm<\/td>\n<td style=\"width: 43.3085%;height: 18px;text-align: left;border-color: #e3e3e3\">2007<\/td>\n<\/tr>\n<tr style=\"height: 18px\">\n<td style=\"width: 13.2911%;height: 18px;text-align: left;border-color: #e3e3e3\" align=\"right\">19<\/td>\n<td style=\"width: 34.0875%;height: 18px;text-align: left;border-color: #e3e3e3\">Victoria Nzogang<\/td>\n<td style=\"width: 18.806%;height: 18px;text-align: left;border-color: #e3e3e3\" align=\"right\">Z<\/td>\n<td style=\"width: 23.4388%;height: 18px;text-align: left;border-color: #e3e3e3\">172 cm<\/td>\n<td style=\"width: 43.3085%;height: 18px;text-align: left;border-color: #e3e3e3\">2006<\/td>\n<\/tr>\n<tr style=\"height: 18px\">\n<td style=\"width: 13.2911%;height: 18px;text-align: left;border-color: #e3e3e3\" align=\"right\">20<\/td>\n<td style=\"width: 34.0875%;height: 18px;text-align: left;border-color: #e3e3e3\">Leticia Kozic<\/td>\n<td style=\"width: 18.806%;height: 18px;text-align: left;border-color: #e3e3e3\" align=\"right\">MB<\/td>\n<td style=\"width: 23.4388%;height: 18px;text-align: left;border-color: #e3e3e3\">181 cm<\/td>\n<td style=\"width: 43.3085%;height: 18px;text-align: left;border-color: #e3e3e3\">2005<\/td>\n<\/tr>\n<tr style=\"height: 14px\">\n<td style=\"width: 13.2911%;height: 14px;text-align: left;border-color: #e3e3e3\" align=\"right\">23<\/td>\n<td style=\"width: 34.0875%;height: 14px;text-align: left;border-color: #e3e3e3\">Charlotte Fischer<\/td>\n<td style=\"width: 18.806%;height: 14px;text-align: left;border-color: #e3e3e3\" align=\"right\">Z<\/td>\n<td style=\"width: 23.4388%;height: 14px;text-align: left;border-color: #e3e3e3\">161 cm<\/td>\n<td style=\"width: 43.3085%;height: 14px;text-align: left;border-color: #e3e3e3\">2006<\/td>\n<\/tr>\n<tr style=\"height: 18px\">\n<td style=\"width: 13.2911%;height: 18px;text-align: left;border-color: #e3e3e3\" align=\"right\">24<\/td>\n<td style=\"width: 34.0875%;height: 18px;text-align: left;border-color: #e3e3e3\">Hannah Weber<\/td>\n<td style=\"width: 18.806%;height: 18px;text-align: left;border-color: #e3e3e3\" align=\"right\">AA<\/td>\n<td style=\"width: 23.4388%;height: 18px;text-align: left;border-color: #e3e3e3\">172 cm<\/td>\n<td style=\"width: 43.3085%;height: 18px;text-align: left;border-color: #e3e3e3\">2008<\/td>\n<\/tr>\n<tr style=\"height: 18px\">\n<td style=\"width: 13.2911%;height: 18px;text-align: left;border-color: #e3e3e3\" align=\"right\">25<\/td>\n<td style=\"width: 34.0875%;height: 18px;text-align: left;border-color: #e3e3e3\">Emma M\u00fcnzner<\/td>\n<td style=\"width: 18.806%;height: 18px;text-align: left;border-color: #e3e3e3\" align=\"right\">MB<\/td>\n<td style=\"width: 23.4388%;height: 18px;text-align: left;border-color: #e3e3e3\">169 cm<\/td>\n<td style=\"width: 43.3085%;height: 18px;text-align: left;border-color: #e3e3e3\">2008<\/td>\n<\/tr>\n<tr style=\"height: 18px\">\n<td style=\"width: 13.2911%;height: 18px;text-align: left;border-color: #e3e3e3\" align=\"right\">27<\/td>\n<td style=\"width: 34.0875%;height: 18px;text-align: left;border-color: #e3e3e3\">Cara Schwarzer<\/td>\n<td style=\"width: 18.806%;height: 18px;text-align: left;border-color: #e3e3e3\" align=\"right\">MB<\/td>\n<td style=\"width: 23.4388%;height: 18px;text-align: left;border-color: #e3e3e3\">175 cm<\/td>\n<td style=\"width: 43.3085%;height: 18px;text-align: left;border-color: #e3e3e3\">2007<\/td>\n<\/tr>\n<tr style=\"height: 18px\">\n<td style=\"width: 13.2911%;height: 18px;text-align: left;border-color: #e3e3e3\" align=\"right\">28<\/td>\n<td style=\"width: 34.0875%;height: 18px;text-align: left;border-color: #e3e3e3\">Xenia Gebel<\/td>\n<td style=\"width: 18.806%;height: 18px;text-align: left;border-color: #e3e3e3\" align=\"right\">AA<\/td>\n<td style=\"width: 23.4388%;height: 18px;text-align: left;border-color: #e3e3e3\">168 cm<\/td>\n<td style=\"width: 43.3085%;height: 18px;text-align: left;border-color: #e3e3e3\">2006<\/td>\n<\/tr>\n<tr style=\"height: 18px\">\n<td style=\"width: 13.2911%;height: 18px;text-align: left;border-color: #e3e3e3\" align=\"right\">32<\/td>\n<td style=\"width: 34.0875%;height: 18px;text-align: left;border-color: #e3e3e3\">Liane Schultheiss<\/td>\n<td style=\"width: 18.806%;height: 18px;text-align: left;border-color: #e3e3e3\" align=\"right\">Z<\/td>\n<td style=\"width: 23.4388%;height: 18px;text-align: left;border-color: #e3e3e3\">168 cm<\/td>\n<td style=\"width: 43.3085%;height: 18px;text-align: left;border-color: #e3e3e3\">2006<\/td>\n<\/tr>\n<tr style=\"height: 18px\">\n<td style=\"width: 13.2911%;height: 18px;text-align: left;border-color: #e3e3e3\" align=\"right\">33<\/td>\n<td style=\"width: 34.0875%;height: 18px;text-align: left;border-color: #e3e3e3\">Elisa-Sophie Dowerk<\/td>\n<td style=\"width: 18.806%;height: 18px;text-align: left;border-color: #e3e3e3\" align=\"right\">AA<\/td>\n<td style=\"width: 23.4388%;height: 18px;text-align: left;border-color: #e3e3e3\">173 cm<\/td>\n<td style=\"width: 43.3085%;height: 18px;text-align: left;border-color: #e3e3e3\">2006<\/td>\n<\/tr>\n<tr style=\"height: 18px\">\n<td style=\"width: 13.2911%;height: 18px;text-align: left;border-color: #e3e3e3\" align=\"right\">38<\/td>\n<td style=\"width: 34.0875%;height: 18px;text-align: left;border-color: #e3e3e3\">Valeria Gebel<\/td>\n<td style=\"width: 18.806%;height: 18px;text-align: left;border-color: #e3e3e3\" align=\"right\">AA<\/td>\n<td style=\"width: 23.4388%;height: 18px;text-align: left;border-color: #e3e3e3\">175 cm<\/td>\n<td style=\"width: 43.3085%;height: 18px;text-align: left;border-color: #e3e3e3\">2006<\/td>\n<\/tr>\n<tr style=\"height: 18px\">\n<td style=\"width: 13.2911%;height: 18px;text-align: left;border-color: #e3e3e3\" align=\"right\">39<\/td>\n<td style=\"width: 34.0875%;height: 18px;text-align: left;border-color: #e3e3e3\">Annika M\u00fcller<\/td>\n<td style=\"width: 18.806%;height: 18px;text-align: left;border-color: #e3e3e3\" align=\"right\">MB<\/td>\n<td style=\"width: 23.4388%;height: 18px;text-align: left;border-color: #e3e3e3\">174 cm<\/td>\n<td style=\"width: 43.3085%;height: 18px;text-align: left;border-color: #e3e3e3\">2006<\/td>\n<\/tr>\n<tr style=\"height: 18px\">\n<td style=\"width: 13.2911%;height: 18px;text-align: left;border-color: #e3e3e3\" align=\"right\">Trainer<\/td>\n<td style=\"width: 34.0875%;height: 18px;text-align: left;border-color: #e3e3e3\">Phil Kondic<\/td>\n<td style=\"width: 18.806%;height: 18px;border-color: #e3e3e3\"><\/td>\n<td style=\"width: 23.4388%;height: 18px;border-color: #e3e3e3\"><\/td>\n<td style=\"width: 43.3085%;height: 18px;border-color: #e3e3e3\"><\/td>\n<\/tr>\n<tr style=\"height: 18px\">\n<td style=\"width: 13.2911%;height: 18px;text-align: left;border-color: #e3e3e3\" align=\"right\">Trainer<\/td>\n<td style=\"width: 34.0875%;height: 18px;text-align: left;border-color: #e3e3e3\">Thorsten Zell<\/td>\n<td style=\"width: 18.806%;height: 18px;border-color: #e3e3e3\"><\/td>\n<td style=\"width: 23.4388%;height: 18px;border-color: #e3e3e3\"><\/td>\n<td style=\"width: 43.3085%;height: 18px;border-color: #e3e3e3\"><\/td>\n<\/tr>\n<\/tbody>\n<\/table>\n<\/div>\n<\/div><\/div><\/div><\/div><\/div>","protected":false},"excerpt":{"rendered":"<p>Spielerinnen: Nr. Name Position Gr\u00f6\u00dfe Jahrgang 1 Lucy Armor L 166 cm 2006 13 Anna Josefiak AA 168 cm 2005 14 Viktoria L\u00fcbke MB 174 cm 2006 18 Ayla \u00d6zcan AA 173 cm 2007 19 Victoria Nzogang Z 172 cm 2006 20 Leticia Kozic MB 181 cm 2005 23 Charlotte Fischer Z 161 cm 2006 &hellip; <a href=\"https:\/\/asv-botnang.de\/volleyball\/damen3\/mannschaft-3\/\" class=\"more-link\"><span class=\"screen-reader-text\">Mannschaft<\/span> weiterlesen <span class=\"meta-nav\">&rarr;<\/span><\/a><\/p>\n","protected":false},"author":40,"featured_media":0,"parent":1909,"menu_order":0,"comment_status":"closed","ping_status":"closed","template":"","meta":[],"_links":{"self":[{"href":"https:\/\/asv-botnang.de\/volleyball\/wp-json\/wp\/v2\/pages\/1991"}],"collection":[{"href":"https:\/\/asv-botnang.de\/volleyball\/wp-json\/wp\/v2\/pages"}],"about":[{"href":"https:\/\/asv-botnang.de\/volleyball\/wp-json\/wp\/v2\/types\/page"}],"author":[{"embeddable":true,"href":"https:\/\/asv-botnang.de\/volleyball\/wp-json\/wp\/v2\/users\/40"}],"replies":[{"embeddable":true,"href":"https:\/\/asv-botnang.de\/volleyball\/wp-json\/wp\/v2\/comments?post=1991"}],"version-history":[{"count":13,"href":"https:\/\/asv-botnang.de\/volleyball\/wp-json\/wp\/v2\/pages\/1991\/revisions"}],"predecessor-version":[{"id":2998,"href":"https:\/\/asv-botnang.de\/volleyball\/wp-json\/wp\/v2\/pages\/1991\/revisions\/2998"}],"up":[{"embeddable":true,"href":"https:\/\/asv-botnang.de\/volleyball\/wp-json\/wp\/v2\/pages\/1909"}],"wp:attachment":[{"href":"https:\/\/asv-botnang.de\/volleyball\/wp-json\/wp\/v2\/media?parent=1991"}],"curies":[{"name":"wp","href":"https:\/\/api.w.org\/{rel}","templated":true}]}}