{"id":2389,"date":"2020-08-26T21:14:11","date_gmt":"2020-08-26T19:14:11","guid":{"rendered":"http:\/\/asv-botnang.de\/volleyball\/?page_id=2389"},"modified":"2022-09-23T16:06:47","modified_gmt":"2022-09-23T14:06:47","slug":"tickets","status":"publish","type":"page","link":"https:\/\/asv-botnang.de\/volleyball\/herren-1\/tickets\/","title":{"rendered":"Tickets"},"content":{"rendered":"<p>Liebe Keiler-Fans,<\/p>\n<p>aktuell gibt es keine speziellen Bestimmungen f\u00fcr unsere Heimspieltage und wir freuen uns dementsprechend \u00fcber jede*n Zuschauer*in zur Unterst\u00fctzung in der Festung BSH.<\/p>\n<p>Preise pro Spieltag (ausgenommen &#8222;Event-Spieltage&#8220;):<\/p>\n<ul>\n<li>5\u20ac Vollzahler<\/li>\n<li>3\u20ac Erm\u00e4\u00dfigt (Sch\u00fcler, Studenten, Abteilungsmitglieder)<\/li>\n<\/ul>\n<p>Preise Dauerkarten:<\/p>\n<ul>\n<li>40 \u20ac Vollzahler<\/li>\n<li>25 \u20ac Erm\u00e4\u00dfigt<\/li>\n<\/ul>\n<p>Solltet ihr Fragen zu den Tickets, Saisonkarten, Hygienevorschriften oder sonst ein Anliegen haben, z\u00f6gert nicht uns \u00fcber <a href=\"https:\/\/www.facebook.com\/Volleyball.Stuttgart\">facebook<\/a>, <a href=\"https:\/\/www.instagram.com\/keilergram\/?hl=de\">Instagram<\/a> oder keilertickets@web.de zu kontaktieren!<\/p>\n<p>Wir freuen uns auf Euch!<br \/>\nEure #Keiler<\/p>\n<p><img decoding=\"async\" loading=\"lazy\" class=\"aligncenter\" src=\"http:\/\/asv-botnang.de\/volleyball\/files\/2022\/09\/Eintrittskarte_ASV_Botnang_2022-.pdf.png\" alt=\"\" width=\"1019\" height=\"329\" \/><\/p>\n<p>&nbsp;<\/p>\n","protected":false},"excerpt":{"rendered":"<p>Liebe Keiler-Fans, aktuell gibt es keine speziellen Bestimmungen f\u00fcr unsere Heimspieltage und wir freuen uns dementsprechend \u00fcber jede*n Zuschauer*in zur Unterst\u00fctzung in der Festung BSH. Preise pro Spieltag (ausgenommen &#8222;Event-Spieltage&#8220;): 5\u20ac Vollzahler 3\u20ac Erm\u00e4\u00dfigt (Sch\u00fcler, Studenten, Abteilungsmitglieder) Preise Dauerkarten: 40 \u20ac Vollzahler 25 \u20ac Erm\u00e4\u00dfigt Solltet ihr Fragen zu den Tickets, Saisonkarten, Hygienevorschriften oder sonst &hellip; <a href=\"https:\/\/asv-botnang.de\/volleyball\/herren-1\/tickets\/\" class=\"more-link\"><span class=\"screen-reader-text\">Tickets<\/span> weiterlesen <span class=\"meta-nav\">&rarr;<\/span><\/a><\/p>\n","protected":false},"author":21,"featured_media":0,"parent":8,"menu_order":0,"comment_status":"closed","ping_status":"closed","template":"","meta":[],"_links":{"self":[{"href":"https:\/\/asv-botnang.de\/volleyball\/wp-json\/wp\/v2\/pages\/2389"}],"collection":[{"href":"https:\/\/asv-botnang.de\/volleyball\/wp-json\/wp\/v2\/pages"}],"about":[{"href":"https:\/\/asv-botnang.de\/volleyball\/wp-json\/wp\/v2\/types\/page"}],"author":[{"embeddable":true,"href":"https:\/\/asv-botnang.de\/volleyball\/wp-json\/wp\/v2\/users\/21"}],"replies":[{"embeddable":true,"href":"https:\/\/asv-botnang.de\/volleyball\/wp-json\/wp\/v2\/comments?post=2389"}],"version-history":[{"count":32,"href":"https:\/\/asv-botnang.de\/volleyball\/wp-json\/wp\/v2\/pages\/2389\/revisions"}],"predecessor-version":[{"id":2852,"href":"https:\/\/asv-botnang.de\/volleyball\/wp-json\/wp\/v2\/pages\/2389\/revisions\/2852"}],"up":[{"embeddable":true,"href":"https:\/\/asv-botnang.de\/volleyball\/wp-json\/wp\/v2\/pages\/8"}],"wp:attachment":[{"href":"https:\/\/asv-botnang.de\/volleyball\/wp-json\/wp\/v2\/media?parent=2389"}],"curies":[{"name":"wp","href":"https:\/\/api.w.org\/{rel}","templated":true}]}}