{"id":2929,"date":"2022-10-26T15:54:18","date_gmt":"2022-10-26T13:54:18","guid":{"rendered":"http:\/\/asv-botnang.de\/volleyball\/?page_id=2929"},"modified":"2023-07-28T13:19:43","modified_gmt":"2023-07-28T11:19:43","slug":"u15-maennlich","status":"publish","type":"page","link":"https:\/\/asv-botnang.de\/volleyball\/jugend\/u15-maennlich\/","title":{"rendered":"U16 m\u00e4nnlich"},"content":{"rendered":"<div id=\"pl-2929\"  class=\"panel-layout\" ><div id=\"pg-2929-0\"  class=\"panel-grid panel-no-style\" ><div id=\"pgc-2929-0-0\"  class=\"panel-grid-cell\" ><div id=\"panel-2929-0-0-0\" class=\"so-panel widget widget_sow-editor panel-first-child panel-last-child\" data-index=\"0\" ><div\n\t\t\t\n\t\t\tclass=\"so-widget-sow-editor so-widget-sow-editor-base\"\n\t\t\t\n\t\t>\n<div class=\"siteorigin-widget-tinymce textwidget\">\n\t<p>In der U16 lernen unsere Botnanger Frischlinge die ersten Schritte im Volleyball unter unseren Jugendtrainern. Neben den Volleyball-Basics bereiten sie sich auch gleich auf ihre ersten Wettk\u00e4mpfe vor. Auch wenn die Grundtechniken im Vordergrund stehen, darf der Spa\u00df am Spiel nicht fehlen.<\/p>\n<h2><strong>Training<\/strong><\/h2>\n<h4><strong>Donnerstag (Franz-Schubert-Schule Sporthalle)<\/strong><\/h4>\n<p>Schumannstra\u00dfe 8-10, 70195 Stuttgart<\/p>\n<p>17:15-18:45 Uhr<\/p>\n<p>Ansprechpartner: Kristian Keubler; kristian.keubler@asv-botnang.de<\/p>\n<h4><strong>Freitag (Kirchhalden-Schule Sporthalle)<\/strong><\/h4>\n<p>Corelliweg 9, 70195 Stuttgart<\/p>\n<p>17:15-18:45 Uhr<\/p>\n<p>Ansprechpartner: Daniil Zgurski zgurskiidani@gmail.com<\/p>\n<p>Trainingszeiten k\u00f6nnen bei Feiertag\/Ferien abweichen.<\/p>\n<\/div>\n<\/div><\/div><\/div><\/div><\/div>","protected":false},"excerpt":{"rendered":"<p>In der U16 lernen unsere Botnanger Frischlinge die ersten Schritte im Volleyball unter unseren Jugendtrainern. Neben den Volleyball-Basics bereiten sie sich auch gleich auf ihre ersten Wettk\u00e4mpfe vor. Auch wenn die Grundtechniken im Vordergrund stehen, darf der Spa\u00df am Spiel nicht fehlen. Training Donnerstag (Franz-Schubert-Schule Sporthalle) Schumannstra\u00dfe 8-10, 70195 Stuttgart 17:15-18:45 Uhr Ansprechpartner: Kristian Keubler; &hellip; <a href=\"https:\/\/asv-botnang.de\/volleyball\/jugend\/u15-maennlich\/\" class=\"more-link\"><span class=\"screen-reader-text\">U16 m\u00e4nnlich<\/span> weiterlesen <span class=\"meta-nav\">&rarr;<\/span><\/a><\/p>\n","protected":false},"author":45,"featured_media":0,"parent":12,"menu_order":3,"comment_status":"closed","ping_status":"closed","template":"","meta":[],"_links":{"self":[{"href":"https:\/\/asv-botnang.de\/volleyball\/wp-json\/wp\/v2\/pages\/2929"}],"collection":[{"href":"https:\/\/asv-botnang.de\/volleyball\/wp-json\/wp\/v2\/pages"}],"about":[{"href":"https:\/\/asv-botnang.de\/volleyball\/wp-json\/wp\/v2\/types\/page"}],"author":[{"embeddable":true,"href":"https:\/\/asv-botnang.de\/volleyball\/wp-json\/wp\/v2\/users\/45"}],"replies":[{"embeddable":true,"href":"https:\/\/asv-botnang.de\/volleyball\/wp-json\/wp\/v2\/comments?post=2929"}],"version-history":[{"count":8,"href":"https:\/\/asv-botnang.de\/volleyball\/wp-json\/wp\/v2\/pages\/2929\/revisions"}],"predecessor-version":[{"id":3161,"href":"https:\/\/asv-botnang.de\/volleyball\/wp-json\/wp\/v2\/pages\/2929\/revisions\/3161"}],"up":[{"embeddable":true,"href":"https:\/\/asv-botnang.de\/volleyball\/wp-json\/wp\/v2\/pages\/12"}],"wp:attachment":[{"href":"https:\/\/asv-botnang.de\/volleyball\/wp-json\/wp\/v2\/media?parent=2929"}],"curies":[{"name":"wp","href":"https:\/\/api.w.org\/{rel}","templated":true}]}}