{"id":2957,"date":"2022-10-28T12:30:09","date_gmt":"2022-10-28T10:30:09","guid":{"rendered":"http:\/\/asv-botnang.de\/volleyball\/?page_id=2957"},"modified":"2023-07-28T13:16:27","modified_gmt":"2023-07-28T11:16:27","slug":"u18-leistungsstaffel","status":"publish","type":"page","link":"https:\/\/asv-botnang.de\/volleyball\/jugend\/u18-leistungsstaffel\/","title":{"rendered":"U20 weiblich Leistungsstaffel"},"content":{"rendered":"<p><img decoding=\"async\" src=\"http:\/\/asv-botnang.de\/volleyball\/files\/2022\/10\/Damen3.jpg\" alt=\"\" \/><\/p>\n<p>Die U20 freut sich auf die Leistungsstaffel und macht sich bereit f\u00fcr neue Erfahrungen und Herausforderungen und gemeinsam besser zu werden und gemeinsam zu wachsen.<\/p>\n<p><strong>Training<\/strong><\/p>\n<p><strong>Montag(Ballsporthalle Botnang)<\/strong><\/p>\n<p>Kauffmannstra\u00dfe 39, 70195 Stuttgart<\/p>\n<p><strong>18:45-20:15 Uhr<\/strong><\/p>\n<p>&nbsp;<\/p>\n<p><strong>Mittwoch(Asv Sporthalle)<\/strong><\/p>\n<p>Furtw\u00e4nglerstra\u00dfe 122, 70195 Stuttgart<\/p>\n<p><strong>18:45-20:15 Uhr<\/strong><\/p>\n<p>&nbsp;<\/p>\n<p><strong>Freitag(Dillman Gymnasium Sporthalle)<\/strong><\/p>\n<p>Falkertstra\u00dfe 20, 70176 Stuttgart<\/p>\n<p><strong>17:15-18:45 Uhr<\/strong><\/p>\n<p>&nbsp;<\/p>\n<p><strong>Ansprechpartner: <\/strong>Thorsten Zell; Thorsten.Zell@web.de<\/p>\n<p>Trainingszeiten k\u00f6nnen bei Feiertagen\/Ferien abweichen.<\/p>\n","protected":false},"excerpt":{"rendered":"<p>Die U20 freut sich auf die Leistungsstaffel und macht sich bereit f\u00fcr neue Erfahrungen und Herausforderungen und gemeinsam besser zu werden und gemeinsam zu wachsen. Training Montag(Ballsporthalle Botnang) Kauffmannstra\u00dfe 39, 70195 Stuttgart 18:45-20:15 Uhr &nbsp; Mittwoch(Asv Sporthalle) Furtw\u00e4nglerstra\u00dfe 122, 70195 Stuttgart 18:45-20:15 Uhr &nbsp; Freitag(Dillman Gymnasium Sporthalle) Falkertstra\u00dfe 20, 70176 Stuttgart 17:15-18:45 Uhr &nbsp; Ansprechpartner: &hellip; <a href=\"https:\/\/asv-botnang.de\/volleyball\/jugend\/u18-leistungsstaffel\/\" class=\"more-link\"><span class=\"screen-reader-text\">U20 weiblich Leistungsstaffel<\/span> weiterlesen <span class=\"meta-nav\">&rarr;<\/span><\/a><\/p>\n","protected":false},"author":45,"featured_media":0,"parent":12,"menu_order":0,"comment_status":"closed","ping_status":"closed","template":"","meta":[],"_links":{"self":[{"href":"https:\/\/asv-botnang.de\/volleyball\/wp-json\/wp\/v2\/pages\/2957"}],"collection":[{"href":"https:\/\/asv-botnang.de\/volleyball\/wp-json\/wp\/v2\/pages"}],"about":[{"href":"https:\/\/asv-botnang.de\/volleyball\/wp-json\/wp\/v2\/types\/page"}],"author":[{"embeddable":true,"href":"https:\/\/asv-botnang.de\/volleyball\/wp-json\/wp\/v2\/users\/45"}],"replies":[{"embeddable":true,"href":"https:\/\/asv-botnang.de\/volleyball\/wp-json\/wp\/v2\/comments?post=2957"}],"version-history":[{"count":9,"href":"https:\/\/asv-botnang.de\/volleyball\/wp-json\/wp\/v2\/pages\/2957\/revisions"}],"predecessor-version":[{"id":3158,"href":"https:\/\/asv-botnang.de\/volleyball\/wp-json\/wp\/v2\/pages\/2957\/revisions\/3158"}],"up":[{"embeddable":true,"href":"https:\/\/asv-botnang.de\/volleyball\/wp-json\/wp\/v2\/pages\/12"}],"wp:attachment":[{"href":"https:\/\/asv-botnang.de\/volleyball\/wp-json\/wp\/v2\/media?parent=2957"}],"curies":[{"name":"wp","href":"https:\/\/api.w.org\/{rel}","templated":true}]}}