{"id":8,"date":"2011-10-29T09:09:00","date_gmt":"2011-10-29T07:09:00","guid":{"rendered":"http:\/\/asv-botnang.de\/volleyball\/?page_id=8"},"modified":"2023-10-15T20:23:55","modified_gmt":"2023-10-15T18:23:55","slug":"herren-1","status":"publish","type":"page","link":"https:\/\/asv-botnang.de\/volleyball\/herren-1\/","title":{"rendered":"Dritte Liga &#8211; H1"},"content":{"rendered":"<p>Das Ziel f\u00fcr die Keiler muss sein in der Saison 23\/24 wieder an ihre Leistung der vergangenen Saison anzukn\u00fcpfen, um sich in der oberen Tabellenh\u00e4lfte einzureihen. \u201eWir w\u00fcrden uns sehr w\u00fcnschen wieder ganz oben mit anzugreifen\u201c, so Kapit\u00e4n Tim Riegert.<br \/>\n\u201eWir sind davon \u00fcberzeugt, dass das Team alles daran setzen wird dem Druck standzuhalten, um sich am Ende vielleicht mit der Meisterschaft einen Traum zu erf\u00fcllen\u201c, sagt Frank Schau mit der Vorschau auf die kommende Spielzeit. <\/p>\n<p>Der Kern des Teams wird auch in der Saison 23\/24 so zusammenbleiben. Mit Quentin Moore, dem schlagkr\u00e4ftigen US-Amerikaner und Nick Schulz, dem Routinier der Mannschaft, mussten die Keiler jedoch zwei wichtige Bestandteile der Mannschaft verabschieden. Auf der Suche nach einem ad\u00e4quaten Ersatz wurden die Keiler f\u00fcndig. Mit Moritz Finke d\u00fcrfen wir, aus Aachen kommend, einen hochgewachsenen Spieler begr\u00fc\u00dfen, welcher die Keiler als Annahme-Au\u00dfen verst\u00e4rken wird. Au\u00dferdem konnten wir J\u00fcrgen Anciferov verpflichten, welcher uns ebenfalls auf der Annahme-Au\u00dfen Position verst\u00e4rken wird. Seit langer Zeit wird es dieses Jahr auch ein Br\u00fcder Duo in den Reihen der Keiler geben. Mit Neo Epple (Bruder von Marian Epple) konnten wir in letzter Sekunde einen jungen und sehr talentierten Spieler f\u00fcr uns gewinnen. Zuletzt spielte dieser bei den Volley Youngstars in Friedrichshafen und sammelte mit der Jugend Nationalmannschaft bereits einige Erfahrungen auf internationalem Boden. Auch als Ersatz f\u00fcr Nick Schulz konnten wir mit Simon Henning einen jungen talentierten Mittelblocker verpflichten, welcher in den ersten Trainingseinheiten mit seiner enormen Handlungsh\u00f6he \u00fcberzeugen konnte. Somit steht f\u00fcr die Saison 23\/24 ein 16er Kader zusammen, welcher alles daran setzen wird zu \u00fcberzeugen.<\/p>\n<p>In der spannenden neuen Saison hofft das Team auf lautstarke Unterst\u00fctzung von den R\u00e4ngen, damit die heimische BSH wieder zu einer Festung wird. Darauf ein kr\u00e4ftiges #geilerKeiler!<\/p>\n<p>Folgt uns auch auf <a href=\"https:\/\/www.facebook.com\/Volleyball.Stuttgart\/\">Facebook<\/a> und <a href=\"https:\/\/www.instagram.com\/keilergram\/\">Instagram<\/a>!<\/p>\n<p><img decoding=\"async\" loading=\"lazy\" src=\"http:\/\/asv-botnang.de\/volleyball\/files\/2023\/10\/H1.jpg\" alt=\"\" width=\"1458\" height=\"1494\" class=\"alignnone size-full wp-image-3193\" srcset=\"https:\/\/asv-botnang.de\/volleyball\/files\/2023\/10\/H1.jpg 1458w, https:\/\/asv-botnang.de\/volleyball\/files\/2023\/10\/H1-293x300.jpg 293w, https:\/\/asv-botnang.de\/volleyball\/files\/2023\/10\/H1-999x1024.jpg 999w, https:\/\/asv-botnang.de\/volleyball\/files\/2023\/10\/H1-768x787.jpg 768w\" sizes=\"(max-width: 1458px) 100vw, 1458px\" \/><\/p>\n<h2>Trainingszeiten<\/h2>\n<p><strong>Dienstags (Ballspielhalle Botnang)<\/strong><br \/>\n20:15 \u2013 22:00 Uhr<\/p>\n<p><strong>Mittwochs (Ballspielhalle Botnang)<\/strong><br \/>\n20:15 \u2013 22:00 Uhr<\/p>\n<p><strong>Freitags (Ballspielhalle Botnang)<\/strong><br \/>\n18:45 &#8211; 20:15 Uhr<\/p>\n","protected":false},"excerpt":{"rendered":"<p>Das Ziel f\u00fcr die Keiler muss sein in der Saison 23\/24 wieder an ihre Leistung der vergangenen Saison anzukn\u00fcpfen, um sich in der oberen Tabellenh\u00e4lfte einzureihen. \u201eWir w\u00fcrden uns sehr w\u00fcnschen wieder ganz oben mit anzugreifen\u201c, so Kapit\u00e4n Tim Riegert. \u201eWir sind davon \u00fcberzeugt, dass das Team alles daran setzen wird dem Druck standzuhalten, um &hellip; <a href=\"https:\/\/asv-botnang.de\/volleyball\/herren-1\/\" class=\"more-link\"><span class=\"screen-reader-text\">Dritte Liga &#8211; H1<\/span> weiterlesen <span class=\"meta-nav\">&rarr;<\/span><\/a><\/p>\n","protected":false},"author":4,"featured_media":0,"parent":0,"menu_order":2,"comment_status":"open","ping_status":"closed","template":"","meta":[],"_links":{"self":[{"href":"https:\/\/asv-botnang.de\/volleyball\/wp-json\/wp\/v2\/pages\/8"}],"collection":[{"href":"https:\/\/asv-botnang.de\/volleyball\/wp-json\/wp\/v2\/pages"}],"about":[{"href":"https:\/\/asv-botnang.de\/volleyball\/wp-json\/wp\/v2\/types\/page"}],"author":[{"embeddable":true,"href":"https:\/\/asv-botnang.de\/volleyball\/wp-json\/wp\/v2\/users\/4"}],"replies":[{"embeddable":true,"href":"https:\/\/asv-botnang.de\/volleyball\/wp-json\/wp\/v2\/comments?post=8"}],"version-history":[{"count":61,"href":"https:\/\/asv-botnang.de\/volleyball\/wp-json\/wp\/v2\/pages\/8\/revisions"}],"predecessor-version":[{"id":3194,"href":"https:\/\/asv-botnang.de\/volleyball\/wp-json\/wp\/v2\/pages\/8\/revisions\/3194"}],"wp:attachment":[{"href":"https:\/\/asv-botnang.de\/volleyball\/wp-json\/wp\/v2\/media?parent=8"}],"curies":[{"name":"wp","href":"https:\/\/api.w.org\/{rel}","templated":true}]}}