{"id":907,"date":"2016-09-21T17:23:17","date_gmt":"2016-09-21T15:23:17","guid":{"rendered":"http:\/\/asv-botnang.de\/volleyball\/?page_id=907"},"modified":"2023-10-15T20:20:12","modified_gmt":"2023-10-15T18:20:12","slug":"herren-4","status":"publish","type":"page","link":"https:\/\/asv-botnang.de\/volleyball\/herren-4\/","title":{"rendered":"Bezirksliga &#8211; H4"},"content":{"rendered":"<p>Nach vielen Jahren in der B-Klasse hat es unsere Herren 4 geschafft, in die A-Klasse aufzusteigen. Weiterhin gilt das Team als Startplatz f\u00fcr die Jugendlichen, um an das Niveau der Aktiven herangef\u00fchrt zu werden. Genau so bleibt das Team ein Sammelbecken f\u00fcr Talente und Quereinsteiger, die gemeinsam das Ziel verfolgen, m\u00f6glichst erfolgreich und mit viel S\u00fca\u00df Volleyball zu spielen.<\/p>\n<p>In der neuen Saison wird das Team von zwei Botnanger Legenden Vladimir Geier und Gerrit Feifel betreut und soll den Klassenerhalt in der A-Klasse sichern. Mit viel Freude, zwei qualifizierten Trainern und jeder Menge Einsatz dr\u00fccken wir die Daumen f\u00fcr gutes Gelingen.<\/p>\n<p><img decoding=\"async\" loading=\"lazy\" class=\"alignnone wp-image-2604 size-full\" src=\"http:\/\/asv-botnang.de\/volleyball\/files\/2021\/10\/H4.png\" alt=\"\" width=\"1080\" height=\"1080\" srcset=\"https:\/\/asv-botnang.de\/volleyball\/files\/2021\/10\/H4.png 1080w, https:\/\/asv-botnang.de\/volleyball\/files\/2021\/10\/H4-150x150.png 150w, https:\/\/asv-botnang.de\/volleyball\/files\/2021\/10\/H4-300x300.png 300w, https:\/\/asv-botnang.de\/volleyball\/files\/2021\/10\/H4-768x768.png 768w, https:\/\/asv-botnang.de\/volleyball\/files\/2021\/10\/H4-1024x1024.png 1024w\" sizes=\"(max-width: 1080px) 100vw, 1080px\" \/><\/p>\n<h2>Trainingszeiten<\/h2>\n<p><strong>Dienstags (Friedrich-Eugens-Gymnasium)<br \/>\n<\/strong>20:15 &#8211; 21:45<\/p>\n<p><strong>Freitags (Jakobsschule)<\/strong><br \/>\n18:15 &#8211; 20:00 Uhr<\/p>\n","protected":false},"excerpt":{"rendered":"<p>Nach vielen Jahren in der B-Klasse hat es unsere Herren 4 geschafft, in die A-Klasse aufzusteigen. Weiterhin gilt das Team als Startplatz f\u00fcr die Jugendlichen, um an das Niveau der Aktiven herangef\u00fchrt zu werden. Genau so bleibt das Team ein Sammelbecken f\u00fcr Talente und Quereinsteiger, die gemeinsam das Ziel verfolgen, m\u00f6glichst erfolgreich und mit viel &hellip; <a href=\"https:\/\/asv-botnang.de\/volleyball\/herren-4\/\" class=\"more-link\"><span class=\"screen-reader-text\">Bezirksliga &#8211; H4<\/span> weiterlesen <span class=\"meta-nav\">&rarr;<\/span><\/a><\/p>\n","protected":false},"author":21,"featured_media":0,"parent":0,"menu_order":0,"comment_status":"closed","ping_status":"closed","template":"","meta":[],"_links":{"self":[{"href":"https:\/\/asv-botnang.de\/volleyball\/wp-json\/wp\/v2\/pages\/907"}],"collection":[{"href":"https:\/\/asv-botnang.de\/volleyball\/wp-json\/wp\/v2\/pages"}],"about":[{"href":"https:\/\/asv-botnang.de\/volleyball\/wp-json\/wp\/v2\/types\/page"}],"author":[{"embeddable":true,"href":"https:\/\/asv-botnang.de\/volleyball\/wp-json\/wp\/v2\/users\/21"}],"replies":[{"embeddable":true,"href":"https:\/\/asv-botnang.de\/volleyball\/wp-json\/wp\/v2\/comments?post=907"}],"version-history":[{"count":24,"href":"https:\/\/asv-botnang.de\/volleyball\/wp-json\/wp\/v2\/pages\/907\/revisions"}],"predecessor-version":[{"id":3191,"href":"https:\/\/asv-botnang.de\/volleyball\/wp-json\/wp\/v2\/pages\/907\/revisions\/3191"}],"wp:attachment":[{"href":"https:\/\/asv-botnang.de\/volleyball\/wp-json\/wp\/v2\/media?parent=907"}],"curies":[{"name":"wp","href":"https:\/\/api.w.org\/{rel}","templated":true}]}}